{"id":9302,"date":"2025-11-04T12:24:49","date_gmt":"2025-11-04T11:24:49","guid":{"rendered":"https:\/\/www.teamxipi.com\/team\/sergio-rodriguez\/"},"modified":"2026-02-17T10:20:37","modified_gmt":"2026-02-17T09:20:37","slug":"sergio-rodriguez","status":"publish","type":"page","link":"https:\/\/www.teamxipi.com\/en\/team\/sergio-rodriguez\/","title":{"rendered":"Sergio Rodr\u00edguez"},"content":{"rendered":"\t\t<div data-elementor-type=\"wp-page\" data-elementor-id=\"9302\" class=\"elementor elementor-9302 elementor-7997\">\n\t\t\t\t<div class=\"elementor-element elementor-element-de9f8c2 e-flex e-con-boxed e-con e-parent \" data-id=\"de9f8c2\" data-element_type=\"container\" data-e-type=\"container\" data-settings=\"{&quot;background_background&quot;:&quot;slideshow&quot;,&quot;background_slideshow_gallery&quot;:[{&quot;id&quot;:9301,&quot;url&quot;:&quot;https:\\\/\\\/www.teamxipi.com\\\/wp-content\\\/uploads\\\/2025\\\/11\\\/coach-sergio-rodriguez-hero.webp&quot;}],&quot;background_slideshow_loop&quot;:&quot;yes&quot;,&quot;background_slideshow_slide_duration&quot;:5000,&quot;background_slideshow_slide_transition&quot;:&quot;fade&quot;,&quot;background_slideshow_transition_duration&quot;:500}\">\t\t\t<div class=\"e-con-inner\">\r\n\t\t\t\t<div class=\"elementor-element elementor-element-5cd099c elementor-widget elementor-widget-pxl_heading\" data-id=\"5cd099c\" data-element_type=\"widget\" data-e-type=\"widget\" data-widget_type=\"pxl_heading.default\">\n\t\t\t\t<div class=\"elementor-widget-container\">\n\t\t\t\t\t<div id=\"pxl-pxl_heading-5cd099c-1519\" class=\"pxl-heading\">\n\t<div class=\"pxl-heading--inner pxl-heading--bottom\">\n\t\t\t\t<h1 class=\"pxl-item--title  wow skewIn\" data-wow-delay=\"ms\">\n\t\tSergio Rodr\u00edguez\t\t\n\t\t<\/h1>\n\t\t\t\t\t\t<\/div>\n\t<\/div>\t\t\t\t<\/div>\n\t\t\t\t<\/div>\n\t\t\t\t\t<\/div>\r\n\t\t\t\t<\/div>\r\n\t\t        <section class=\"elementor-section elementor-top-section elementor-element elementor-element-c8758b9 elementor-section-stretched elementor-section-boxed elementor-section-height-default elementor-section-height-default pxl-row-scroll-none pxl-section-smoke_particles-no pxl-bg-color-none pxl-section-overlay-none pxl-column-overflow-hidden-no\" data-id=\"c8758b9\" data-element_type=\"section\" data-e-type=\"section\" data-settings=\"{&quot;stretch_section&quot;:&quot;section-stretched&quot;}\">\n\n                \n                <div class=\"elementor-container elementor-column-gap-extended \">\n                <div class=\"elementor-column elementor-col-33 elementor-top-column elementor-element elementor-element-c5aa72a pxl-column-none pxl-section-offset-none\" data-id=\"c5aa72a\" data-element_type=\"column\" data-e-type=\"column\">\r\n        <div class=\"elementor-widget-wrap elementor-element-populated\">\r\n                     \r\n        \t\t<div class=\"elementor-element elementor-element-d1b96bb elementor-widget elementor-widget-pxl_image\" data-id=\"d1b96bb\" data-element_type=\"widget\" data-e-type=\"widget\" data-widget_type=\"pxl_image.default\">\n\t\t\t\t<div class=\"elementor-widget-container\">\n\t\t\t\t\t<div id=\"pxl_image-d1b96bb-1501\" class=\"pxl-image-single  style-default \" data-wow-delay=\"ms\" >\r\n    <div class=\"pxl-item--inner \" data-wow-delay=\"120ms\">\r\n        \r\n                                <div class=\"pxl-item--bg bg-image\" style=\"background-image: url(https:\/\/www.teamxipi.com\/wp-content\/uploads\/2025\/11\/coach-sergio-rodriguez.png);\"><\/div>\r\n                            \r\n            <\/div>\r\n<\/div>\t\t\t\t<\/div>\n\t\t\t\t<\/div>\n\t\t\t\t<div class=\"elementor-element elementor-element-8778b12 elementor-widget elementor-widget-pxl_heading\" data-id=\"8778b12\" data-element_type=\"widget\" data-e-type=\"widget\" data-widget_type=\"pxl_heading.default\">\n\t\t\t\t<div class=\"elementor-widget-container\">\n\t\t\t\t\t<div id=\"pxl-pxl_heading-8778b12-1744\" class=\"pxl-heading\">\n\t<div class=\"pxl-heading--inner pxl-heading--bottom\">\n\t\t\t\t<h2 class=\"pxl-item--title  wow skewIn\" data-wow-delay=\"ms\">\n\t\tSergio Rodr\u00edguez\t\t\n\t\t<\/h2>\n\t\t\t\t\t\t\t<div id=\"pxl_heading-8778b12-1744\" class=\"pxl-item--subtitle  px-sub-title-default   \" data-wow-delay=\"ms\" data-target=\"#pxl_heading-8778b12-1744\">\n\t\t\t\t\t\t\t\t\t\t<span class=\"pxl-item--subtext\">\n\t\t\t\t\t\t\t\t\t\t\t\t\t\tTeam XP PRO Coach\t\t\t\t\t\t<\/span>\n\t\t\t\t\t\t\t\t\n\t\t\t\t<\/div>\n\t\t\t\t\t<\/div>\n\t<\/div>\t\t\t\t<\/div>\n\t\t\t\t<\/div>\n\t\t\t\t<div class=\"elementor-element elementor-element-61b2e66 elementor-widget elementor-widget-pxl_text_editor\" data-id=\"61b2e66\" data-element_type=\"widget\" data-e-type=\"widget\" data-widget_type=\"pxl_text_editor.default\">\n\t\t\t\t<div class=\"elementor-widget-container\">\n\t\t\t\t\t<div class=\"pxl-text-editor\">\n\t<div class=\"pxl-item--inner \" data-wow-delay=\"ms\">\n\t\t<div class=\"team-info-inner\"><div class=\"team-email-wrap\"><span class=\"team-email\">Location: Reus, Tarragona, Catalonia.<\/span><\/div><\/div>\t\t\n\t<\/div>\n<\/div>\t\t\t\t<\/div>\n\t\t\t\t<\/div>\n\t\t\t\t<div class=\"elementor-element elementor-element-ecd4801 elementor-widget elementor-widget-pxl_icon\" data-id=\"ecd4801\" data-element_type=\"widget\" data-e-type=\"widget\" data-widget_type=\"pxl_icon.default\">\n\t\t\t\t<div class=\"elementor-widget-container\">\n\t\t\t\t\t    <div class=\"pxl-icon1 style-round-box  style-2\" data-wow-delay=\"ms\">\r\n                                    <a class=\"elementor-repeater-item-396ad02\" href=\"https:\/\/www.instagram.com\/sergio_wnbfpro\/\">\r\n                    <i aria-hidden=\"true\" class=\"fab fa-instagram\"><\/i>                <\/a>\r\n                                        <\/div>\r\n    \t\t\t\t<\/div>\n\t\t\t\t<\/div>\n\t\t\t\t<div class=\"elementor-element elementor-element-62c93fd elementor-widget elementor-widget-pxl_heading\" data-id=\"62c93fd\" data-element_type=\"widget\" data-e-type=\"widget\" data-widget_type=\"pxl_heading.default\">\n\t\t\t\t<div class=\"elementor-widget-container\">\n\t\t\t\t\t<div id=\"pxl-pxl_heading-62c93fd-7992\" class=\"pxl-heading\">\n\t<div class=\"pxl-heading--inner pxl-heading--bottom\">\n\t\t\t\t<h6 class=\"pxl-item--title  wow skewIn\" data-wow-delay=\"ms\">\n\t\tPath\n\t\t\n\t\t<\/h6>\n\t\t\t\t\t\t<\/div>\n\t<\/div>\t\t\t\t<\/div>\n\t\t\t\t<\/div>\n\t\t\t\t<div class=\"elementor-element elementor-element-3ebd136 elementor-widget elementor-widget-pxl_text_editor\" data-id=\"3ebd136\" data-element_type=\"widget\" data-e-type=\"widget\" data-widget_type=\"pxl_text_editor.default\">\n\t\t\t\t<div class=\"elementor-widget-container\">\n\t\t\t\t\t<div class=\"pxl-text-editor\">\n\t<div class=\"pxl-item--inner \" data-wow-delay=\"ms\">\n\t\tDon&#8217;t limit your challenges, challenge your limits.\n\t\t\n\t<\/div>\n<\/div>\t\t\t\t<\/div>\n\t\t\t\t<\/div>\n\t\t            <\/div>\r\n        <\/div>\r\n                <div class=\"elementor-column elementor-col-66 elementor-top-column elementor-element elementor-element-1163b69 pxl-column-none pxl-section-offset-none\" data-id=\"1163b69\" data-element_type=\"column\" data-e-type=\"column\">\r\n        <div class=\"elementor-widget-wrap elementor-element-populated\">\r\n                     \r\n        \t\t<div class=\"elementor-element elementor-element-95599f7 elementor-widget elementor-widget-pxl_heading\" data-id=\"95599f7\" data-element_type=\"widget\" data-e-type=\"widget\" data-widget_type=\"pxl_heading.default\">\n\t\t\t\t<div class=\"elementor-widget-container\">\n\t\t\t\t\t<div id=\"pxl-pxl_heading-95599f7-5297\" class=\"pxl-heading\">\n\t<div class=\"pxl-heading--inner pxl-heading--bottom\">\n\t\t\t\t<h6 class=\"pxl-item--title  wow skewIn\" data-wow-delay=\"ms\">\n\t\tBIOGRAPHY\t\t\n\t\t<\/h6>\n\t\t\t\t\t\t<\/div>\n\t<\/div>\t\t\t\t<\/div>\n\t\t\t\t<\/div>\n\t\t\t\t<div class=\"elementor-element elementor-element-cae3f49 elementor-widget elementor-widget-pxl_text_editor\" data-id=\"cae3f49\" data-element_type=\"widget\" data-e-type=\"widget\" data-widget_type=\"pxl_text_editor.default\">\n\t\t\t\t<div class=\"elementor-widget-container\">\n\t\t\t\t\t<div class=\"pxl-text-editor\">\n\t<div class=\"pxl-item--inner \" data-wow-delay=\"ms\">\n\t\tLorem ipsum dolor sit amet, consectetur adipiscing elit. Quisque vehicula lectus eu dui semper rhoncus. Ut in mattis elit. Praesent sagittis massa et vehicula blandit. Cras vehicula risus vel tortor iaculis efficitur. Quisque ultricies purus sit amet aliquam placerat. Donec rutrum libero purus. Duis eget justo lacinia ex ultricies interdum nec sit amet dui. Integer eget ultrices justo, nec laoreet enim. Nam sagittis turpis sed pulvinar vestibulum.         \n\t\t\n\t<\/div>\n<\/div>\t\t\t\t<\/div>\n\t\t\t\t<\/div>\n\t\t\t\t<div class=\"elementor-element elementor-element-e6c9897 elementor-widget elementor-widget-pxl_text_editor\" data-id=\"e6c9897\" data-element_type=\"widget\" data-e-type=\"widget\" data-widget_type=\"pxl_text_editor.default\">\n\t\t\t\t<div class=\"elementor-widget-container\">\n\t\t\t\t\t<div class=\"pxl-text-editor\">\n\t<div class=\"pxl-item--inner \" data-wow-delay=\"ms\">\n\t\tLorem ipsum dolor sit amet, consectetur adipiscing elit. Quisque vehicula lectus eu dui semper rhoncus. Ut in mattis elit. Praesent sagittis massa et vehicula blandit. Cras vehicula risus vel tortor iaculis efficitur. Quisque ultricies purus sit amet aliquam placerat. Donec rutrum libero purus. Duis eget justo lacinia ex ultricies interdum nec sit amet dui. Integer eget ultrices justo, nec laoreet enim. Nam sagittis turpis sed pulvinar vestibulum.         \n\t\t\n\t<\/div>\n<\/div>\t\t\t\t<\/div>\n\t\t\t\t<\/div>\n\t\t<div class=\"elementor-element elementor-element-3f11b82 e-flex e-con-boxed e-con e-parent \" data-id=\"3f11b82\" data-element_type=\"container\" data-e-type=\"container\">\t\t\t<div class=\"e-con-inner\">\r\n\t\t\t\t<div class=\"elementor-element elementor-element-276119f elementor-widget elementor-widget-pxl_heading\" data-id=\"276119f\" data-element_type=\"widget\" data-e-type=\"widget\" data-widget_type=\"pxl_heading.default\">\n\t\t\t\t<div class=\"elementor-widget-container\">\n\t\t\t\t\t<div id=\"pxl-pxl_heading-276119f-2642\" class=\"pxl-heading\">\n\t<div class=\"pxl-heading--inner pxl-heading--bottom\">\n\t\t\t\t<h6 class=\"pxl-item--title  wow skewIn\" data-wow-delay=\"ms\">\n\t\thot points\t\t\n\t\t<\/h6>\n\t\t\t\t\t\t<\/div>\n\t<\/div>\t\t\t\t<\/div>\n\t\t\t\t<\/div>\n\t\t\t\t<div class=\"elementor-element elementor-element-f447a3d elementor-widget elementor-widget-pxl_icon_box\" data-id=\"f447a3d\" data-element_type=\"widget\" data-e-type=\"widget\" data-widget_type=\"pxl_icon_box.default\">\n\t\t\t\t<div class=\"elementor-widget-container\">\n\t\t\t\t\t<div class=\"pxl-icon-box pxl-icon-box1 style-1 \" data-wow-delay=\"ms\">\r\n    <div class=\"pxl-item--inner\">\r\n                        <div class=\"pxl-icon--number\">\r\n            1        <\/div>\r\n        <div class=\"pxl-item--holder\">\r\n            <h5 class=\"pxl-item--title el-empty\">Advanced technician in dietetics<\/h5>\r\n            <div class=\"pxl-item--description el-empty\"><\/div>\r\n        <\/div>\r\n                    <div class=\"pxl-item--link\"><a href=\"#\"><i class=\"flaticon-right-chevron rtl-icon\"><\/i><\/a><\/div>\r\n            <\/div>\r\n<\/div>\t\t\t\t<\/div>\n\t\t\t\t<\/div>\n\t\t\t\t<div class=\"elementor-element elementor-element-7bf38f5 elementor-widget elementor-widget-pxl_icon_box\" data-id=\"7bf38f5\" data-element_type=\"widget\" data-e-type=\"widget\" data-widget_type=\"pxl_icon_box.default\">\n\t\t\t\t<div class=\"elementor-widget-container\">\n\t\t\t\t\t<div class=\"pxl-icon-box pxl-icon-box1 style-1 \" data-wow-delay=\"ms\">\r\n    <div class=\"pxl-item--inner\">\r\n                        <div class=\"pxl-icon--number\">\r\n            2        <\/div>\r\n        <div class=\"pxl-item--holder\">\r\n            <h5 class=\"pxl-item--title el-empty\">Master's degree in Exercise Biomechanics<\/h5>\r\n            <div class=\"pxl-item--description el-empty\"><\/div>\r\n        <\/div>\r\n                    <div class=\"pxl-item--link\"><a href=\"#\"><i class=\"flaticon-right-chevron rtl-icon\"><\/i><\/a><\/div>\r\n            <\/div>\r\n<\/div>\t\t\t\t<\/div>\n\t\t\t\t<\/div>\n\t\t\t\t<div class=\"elementor-element elementor-element-0981db0 elementor-widget elementor-widget-pxl_icon_box\" data-id=\"0981db0\" data-element_type=\"widget\" data-e-type=\"widget\" data-widget_type=\"pxl_icon_box.default\">\n\t\t\t\t<div class=\"elementor-widget-container\">\n\t\t\t\t\t<div class=\"pxl-icon-box pxl-icon-box1 style-1 \" data-wow-delay=\"ms\">\r\n    <div class=\"pxl-item--inner\">\r\n                        <div class=\"pxl-icon--number\">\r\n            3        <\/div>\r\n        <div class=\"pxl-item--holder\">\r\n            <h5 class=\"pxl-item--title el-empty\">Certified trainer level EQF 3 &amp; 4<\/h5>\r\n            <div class=\"pxl-item--description el-empty\"><\/div>\r\n        <\/div>\r\n                    <div class=\"pxl-item--link\"><a href=\"#\"><i class=\"flaticon-right-chevron rtl-icon\"><\/i><\/a><\/div>\r\n            <\/div>\r\n<\/div>\t\t\t\t<\/div>\n\t\t\t\t<\/div>\n\t\t\t\t<div class=\"elementor-element elementor-element-eec8a33 elementor-widget elementor-widget-pxl_icon_box\" data-id=\"eec8a33\" data-element_type=\"widget\" data-e-type=\"widget\" data-widget_type=\"pxl_icon_box.default\">\n\t\t\t\t<div class=\"elementor-widget-container\">\n\t\t\t\t\t<div class=\"pxl-icon-box pxl-icon-box1 style-1 \" data-wow-delay=\"ms\">\r\n    <div class=\"pxl-item--inner\">\r\n                        <div class=\"pxl-icon--number\">\r\n            4        <\/div>\r\n        <div class=\"pxl-item--holder\">\r\n            <h5 class=\"pxl-item--title el-empty\">Expert in Natural Bodybuilding<\/h5>\r\n            <div class=\"pxl-item--description el-empty\"><\/div>\r\n        <\/div>\r\n                    <div class=\"pxl-item--link\"><a href=\"#\"><i class=\"flaticon-right-chevron rtl-icon\"><\/i><\/a><\/div>\r\n            <\/div>\r\n<\/div>\t\t\t\t<\/div>\n\t\t\t\t<\/div>\n\t\t\t\t<div class=\"elementor-element elementor-element-4ba8cb5 elementor-widget elementor-widget-pxl_icon_box\" data-id=\"4ba8cb5\" data-element_type=\"widget\" data-e-type=\"widget\" data-widget_type=\"pxl_icon_box.default\">\n\t\t\t\t<div class=\"elementor-widget-container\">\n\t\t\t\t\t<div class=\"pxl-icon-box pxl-icon-box1 style-1 \" data-wow-delay=\"ms\">\r\n    <div class=\"pxl-item--inner\">\r\n                        <div class=\"pxl-icon--number\">\r\n            5        <\/div>\r\n        <div class=\"pxl-item--holder\">\r\n            <h5 class=\"pxl-item--title el-empty\">Advanced course in obesity by the ICNS Institute<\/h5>\r\n            <div class=\"pxl-item--description el-empty\"><\/div>\r\n        <\/div>\r\n                    <div class=\"pxl-item--link\"><a href=\"#\"><i class=\"flaticon-right-chevron rtl-icon\"><\/i><\/a><\/div>\r\n            <\/div>\r\n<\/div>\t\t\t\t<\/div>\n\t\t\t\t<\/div>\n\t\t\t\t\t<\/div>\r\n\t\t\t\t<\/div>\r\n\t\t            <\/div>\r\n        <\/div>\r\n        \t\t\t<\/div>\n\t\t<\/section>\n\t\t\t\t<\/div>\n\t\t","protected":false},"excerpt":{"rendered":"<p>Sergio Rodr\u00edguez Sergio Rodr\u00edguez Team XP PRO Coach Location: Reus, Tarragona, Catalonia. Path Don&#8217;t limit your challenges, challenge your limits. BIOGRAPHY Lorem ipsum dolor sit amet, consectetur adipiscing elit. Quisque vehicula lectus eu dui semper rhoncus. Ut in mattis elit. Praesent sagittis massa et vehicula blandit. Cras vehicula risus vel tortor iaculis efficitur. Quisque ultricies [&hellip;]<\/p>\n","protected":false},"author":1,"featured_media":0,"parent":9058,"menu_order":0,"comment_status":"closed","ping_status":"closed","template":"","meta":{"footnotes":""},"class_list":["post-9302","page","type-page","status-publish","hentry"],"yoast_head":"<!-- This site is optimized with the Yoast SEO plugin v27.4 - https:\/\/yoast.com\/product\/yoast-seo-wordpress\/ -->\n<title>Sergio Rodr\u00edguez - Team XP<\/title>\n<meta name=\"robots\" content=\"index, follow, max-snippet:-1, max-image-preview:large, max-video-preview:-1\" \/>\n<link rel=\"canonical\" href=\"https:\/\/www.teamxipi.com\/equipo\/sergio-rodriguez\/\" \/>\n<meta property=\"og:locale\" content=\"en_US\" \/>\n<meta property=\"og:type\" content=\"article\" \/>\n<meta property=\"og:title\" content=\"Sergio Rodr\u00edguez - Team XP\" \/>\n<meta property=\"og:description\" content=\"Sergio Rodr\u00edguez Sergio Rodr\u00edguez Team XP PRO Coach Location: Reus, Tarragona, Catalonia. Path Don&#8217;t limit your challenges, challenge your limits. BIOGRAPHY Lorem ipsum dolor sit amet, consectetur adipiscing elit. Quisque vehicula lectus eu dui semper rhoncus. Ut in mattis elit. Praesent sagittis massa et vehicula blandit. Cras vehicula risus vel tortor iaculis efficitur. Quisque ultricies [&hellip;]\" \/>\n<meta property=\"og:url\" content=\"https:\/\/www.teamxipi.com\/equipo\/sergio-rodriguez\/\" \/>\n<meta property=\"og:site_name\" content=\"Team XP\" \/>\n<meta property=\"article:publisher\" content=\"https:\/\/www.facebook.com\/TeamXipi\/?locale=es_ES\" \/>\n<meta property=\"article:modified_time\" content=\"2026-02-17T09:20:37+00:00\" \/>\n<meta name=\"twitter:card\" content=\"summary_large_image\" \/>\n<meta name=\"twitter:label1\" content=\"Est. reading time\" \/>\n\t<meta name=\"twitter:data1\" content=\"1 minute\" \/>\n<script type=\"application\/ld+json\" class=\"yoast-schema-graph\">{\"@context\":\"https:\\\/\\\/schema.org\",\"@graph\":[{\"@type\":\"WebPage\",\"@id\":\"https:\\\/\\\/www.teamxipi.com\\\/equipo\\\/sergio-rodriguez\\\/\",\"url\":\"https:\\\/\\\/www.teamxipi.com\\\/equipo\\\/sergio-rodriguez\\\/\",\"name\":\"Sergio Rodr\u00edguez - Team XP\",\"isPartOf\":{\"@id\":\"https:\\\/\\\/www.teamxipi.com\\\/#website\"},\"datePublished\":\"2025-11-04T11:24:49+00:00\",\"dateModified\":\"2026-02-17T09:20:37+00:00\",\"breadcrumb\":{\"@id\":\"https:\\\/\\\/www.teamxipi.com\\\/equipo\\\/sergio-rodriguez\\\/#breadcrumb\"},\"inLanguage\":\"en-US\",\"potentialAction\":[{\"@type\":\"ReadAction\",\"target\":[\"https:\\\/\\\/www.teamxipi.com\\\/equipo\\\/sergio-rodriguez\\\/\"]}]},{\"@type\":\"BreadcrumbList\",\"@id\":\"https:\\\/\\\/www.teamxipi.com\\\/equipo\\\/sergio-rodriguez\\\/#breadcrumb\",\"itemListElement\":[{\"@type\":\"ListItem\",\"position\":1,\"name\":\"Portada\",\"item\":\"https:\\\/\\\/www.teamxipi.com\\\/\"},{\"@type\":\"ListItem\",\"position\":2,\"name\":\"Team\",\"item\":\"https:\\\/\\\/www.teamxipi.com\\\/equipo\\\/\"},{\"@type\":\"ListItem\",\"position\":3,\"name\":\"Sergio Rodr\u00edguez\"}]},{\"@type\":\"WebSite\",\"@id\":\"https:\\\/\\\/www.teamxipi.com\\\/#website\",\"url\":\"https:\\\/\\\/www.teamxipi.com\\\/\",\"name\":\"Team Xipi\",\"description\":\"\",\"publisher\":{\"@id\":\"https:\\\/\\\/www.teamxipi.com\\\/#organization\"},\"potentialAction\":[{\"@type\":\"SearchAction\",\"target\":{\"@type\":\"EntryPoint\",\"urlTemplate\":\"https:\\\/\\\/www.teamxipi.com\\\/?s={search_term_string}\"},\"query-input\":{\"@type\":\"PropertyValueSpecification\",\"valueRequired\":true,\"valueName\":\"search_term_string\"}}],\"inLanguage\":\"en-US\"},{\"@type\":\"Organization\",\"@id\":\"https:\\\/\\\/www.teamxipi.com\\\/#organization\",\"name\":\"Team Xipi\",\"url\":\"https:\\\/\\\/www.teamxipi.com\\\/\",\"logo\":{\"@type\":\"ImageObject\",\"inLanguage\":\"en-US\",\"@id\":\"https:\\\/\\\/www.teamxipi.com\\\/#\\\/schema\\\/logo\\\/image\\\/\",\"url\":\"https:\\\/\\\/www.teamxipi.com\\\/wp-content\\\/uploads\\\/2025\\\/10\\\/faviocon.png\",\"contentUrl\":\"https:\\\/\\\/www.teamxipi.com\\\/wp-content\\\/uploads\\\/2025\\\/10\\\/faviocon.png\",\"width\":200,\"height\":200,\"caption\":\"Team Xipi\"},\"image\":{\"@id\":\"https:\\\/\\\/www.teamxipi.com\\\/#\\\/schema\\\/logo\\\/image\\\/\"},\"sameAs\":[\"https:\\\/\\\/www.facebook.com\\\/TeamXipi\\\/?locale=es_ES\",\"https:\\\/\\\/www.instagram.com\\\/coach_teamxp\\\/\",\"https:\\\/\\\/www.linkedin.com\\\/company\\\/team-xp\\\/\",\"https:\\\/\\\/www.youtube.com\\\/channel\\\/UCza9aMLMzWmM4zUu0MrvzFA\"]}]}<\/script>\n<!-- \/ Yoast SEO plugin. -->","yoast_head_json":{"title":"Sergio Rodr\u00edguez - Team XP","robots":{"index":"index","follow":"follow","max-snippet":"max-snippet:-1","max-image-preview":"max-image-preview:large","max-video-preview":"max-video-preview:-1"},"canonical":"https:\/\/www.teamxipi.com\/equipo\/sergio-rodriguez\/","og_locale":"en_US","og_type":"article","og_title":"Sergio Rodr\u00edguez - Team XP","og_description":"Sergio Rodr\u00edguez Sergio Rodr\u00edguez Team XP PRO Coach Location: Reus, Tarragona, Catalonia. Path Don&#8217;t limit your challenges, challenge your limits. BIOGRAPHY Lorem ipsum dolor sit amet, consectetur adipiscing elit. Quisque vehicula lectus eu dui semper rhoncus. Ut in mattis elit. Praesent sagittis massa et vehicula blandit. Cras vehicula risus vel tortor iaculis efficitur. Quisque ultricies [&hellip;]","og_url":"https:\/\/www.teamxipi.com\/equipo\/sergio-rodriguez\/","og_site_name":"Team XP","article_publisher":"https:\/\/www.facebook.com\/TeamXipi\/?locale=es_ES","article_modified_time":"2026-02-17T09:20:37+00:00","twitter_card":"summary_large_image","twitter_misc":{"Est. reading time":"1 minute"},"schema":{"@context":"https:\/\/schema.org","@graph":[{"@type":"WebPage","@id":"https:\/\/www.teamxipi.com\/equipo\/sergio-rodriguez\/","url":"https:\/\/www.teamxipi.com\/equipo\/sergio-rodriguez\/","name":"Sergio Rodr\u00edguez - Team XP","isPartOf":{"@id":"https:\/\/www.teamxipi.com\/#website"},"datePublished":"2025-11-04T11:24:49+00:00","dateModified":"2026-02-17T09:20:37+00:00","breadcrumb":{"@id":"https:\/\/www.teamxipi.com\/equipo\/sergio-rodriguez\/#breadcrumb"},"inLanguage":"en-US","potentialAction":[{"@type":"ReadAction","target":["https:\/\/www.teamxipi.com\/equipo\/sergio-rodriguez\/"]}]},{"@type":"BreadcrumbList","@id":"https:\/\/www.teamxipi.com\/equipo\/sergio-rodriguez\/#breadcrumb","itemListElement":[{"@type":"ListItem","position":1,"name":"Portada","item":"https:\/\/www.teamxipi.com\/"},{"@type":"ListItem","position":2,"name":"Team","item":"https:\/\/www.teamxipi.com\/equipo\/"},{"@type":"ListItem","position":3,"name":"Sergio Rodr\u00edguez"}]},{"@type":"WebSite","@id":"https:\/\/www.teamxipi.com\/#website","url":"https:\/\/www.teamxipi.com\/","name":"Team Xipi","description":"","publisher":{"@id":"https:\/\/www.teamxipi.com\/#organization"},"potentialAction":[{"@type":"SearchAction","target":{"@type":"EntryPoint","urlTemplate":"https:\/\/www.teamxipi.com\/?s={search_term_string}"},"query-input":{"@type":"PropertyValueSpecification","valueRequired":true,"valueName":"search_term_string"}}],"inLanguage":"en-US"},{"@type":"Organization","@id":"https:\/\/www.teamxipi.com\/#organization","name":"Team Xipi","url":"https:\/\/www.teamxipi.com\/","logo":{"@type":"ImageObject","inLanguage":"en-US","@id":"https:\/\/www.teamxipi.com\/#\/schema\/logo\/image\/","url":"https:\/\/www.teamxipi.com\/wp-content\/uploads\/2025\/10\/faviocon.png","contentUrl":"https:\/\/www.teamxipi.com\/wp-content\/uploads\/2025\/10\/faviocon.png","width":200,"height":200,"caption":"Team Xipi"},"image":{"@id":"https:\/\/www.teamxipi.com\/#\/schema\/logo\/image\/"},"sameAs":["https:\/\/www.facebook.com\/TeamXipi\/?locale=es_ES","https:\/\/www.instagram.com\/coach_teamxp\/","https:\/\/www.linkedin.com\/company\/team-xp\/","https:\/\/www.youtube.com\/channel\/UCza9aMLMzWmM4zUu0MrvzFA"]}]}},"_links":{"self":[{"href":"https:\/\/www.teamxipi.com\/en\/wp-json\/wp\/v2\/pages\/9302","targetHints":{"allow":["GET"]}}],"collection":[{"href":"https:\/\/www.teamxipi.com\/en\/wp-json\/wp\/v2\/pages"}],"about":[{"href":"https:\/\/www.teamxipi.com\/en\/wp-json\/wp\/v2\/types\/page"}],"author":[{"embeddable":true,"href":"https:\/\/www.teamxipi.com\/en\/wp-json\/wp\/v2\/users\/1"}],"replies":[{"embeddable":true,"href":"https:\/\/www.teamxipi.com\/en\/wp-json\/wp\/v2\/comments?post=9302"}],"version-history":[{"count":1,"href":"https:\/\/www.teamxipi.com\/en\/wp-json\/wp\/v2\/pages\/9302\/revisions"}],"predecessor-version":[{"id":9303,"href":"https:\/\/www.teamxipi.com\/en\/wp-json\/wp\/v2\/pages\/9302\/revisions\/9303"}],"up":[{"embeddable":true,"href":"https:\/\/www.teamxipi.com\/en\/wp-json\/wp\/v2\/pages\/9058"}],"wp:attachment":[{"href":"https:\/\/www.teamxipi.com\/en\/wp-json\/wp\/v2\/media?parent=9302"}],"curies":[{"name":"wp","href":"https:\/\/api.w.org\/{rel}","templated":true}]}}