{"id":9274,"date":"2025-11-04T10:22:41","date_gmt":"2025-11-04T09:22:41","guid":{"rendered":"https:\/\/www.teamxipi.com\/team\/alberto-rodriguez\/"},"modified":"2026-01-27T13:45:29","modified_gmt":"2026-01-27T12:45:29","slug":"alberto-rodriguez","status":"publish","type":"page","link":"https:\/\/www.teamxipi.com\/en\/team\/alberto-rodriguez\/","title":{"rendered":"Alberto Rodr\u00edguez"},"content":{"rendered":"\t\t<div data-elementor-type=\"wp-page\" data-elementor-id=\"9274\" class=\"elementor elementor-9274 elementor-7954\">\n\t\t\t\t<div class=\"elementor-element elementor-element-71b6090 e-flex e-con-boxed e-con e-parent \" data-id=\"71b6090\" data-element_type=\"container\" data-e-type=\"container\" data-settings=\"{&quot;background_background&quot;:&quot;slideshow&quot;,&quot;background_slideshow_gallery&quot;:[{&quot;id&quot;:9273,&quot;url&quot;:&quot;https:\\\/\\\/www.teamxipi.com\\\/wp-content\\\/uploads\\\/2025\\\/11\\\/coach-ficha-abel-scaled.webp&quot;}],&quot;background_slideshow_loop&quot;:&quot;yes&quot;,&quot;background_slideshow_slide_duration&quot;:5000,&quot;background_slideshow_slide_transition&quot;:&quot;fade&quot;,&quot;background_slideshow_transition_duration&quot;:500}\">\t\t\t<div class=\"e-con-inner\">\r\n\t\t\t\t<div class=\"elementor-element elementor-element-2d529b5 elementor-widget elementor-widget-pxl_heading\" data-id=\"2d529b5\" data-element_type=\"widget\" data-e-type=\"widget\" data-widget_type=\"pxl_heading.default\">\n\t\t\t\t<div class=\"elementor-widget-container\">\n\t\t\t\t\t<div id=\"pxl-pxl_heading-2d529b5-7355\" class=\"pxl-heading\">\n\t<div class=\"pxl-heading--inner pxl-heading--bottom\">\n\t\t\t\t<h1 class=\"pxl-item--title  wow skewIn\" data-wow-delay=\"ms\">\n\t\tAlberto Rodr\u00edguez\n\t\t\n\t\t<\/h1>\n\t\t\t\t\t\t<\/div>\n\t<\/div>\t\t\t\t<\/div>\n\t\t\t\t<\/div>\n\t\t\t\t\t<\/div>\r\n\t\t\t\t<\/div>\r\n\t\t        <section class=\"elementor-section elementor-top-section elementor-element elementor-element-ac8296e elementor-section-stretched elementor-section-boxed elementor-section-height-default elementor-section-height-default pxl-row-scroll-none pxl-section-smoke_particles-no pxl-bg-color-none pxl-section-overlay-none pxl-column-overflow-hidden-no\" data-id=\"ac8296e\" data-element_type=\"section\" data-e-type=\"section\" data-settings=\"{&quot;stretch_section&quot;:&quot;section-stretched&quot;}\">\n\n                \n                <div class=\"elementor-container elementor-column-gap-extended \">\n                <div class=\"elementor-column elementor-col-33 elementor-top-column elementor-element elementor-element-42b4703 pxl-column-none pxl-section-offset-none\" data-id=\"42b4703\" data-element_type=\"column\" data-e-type=\"column\">\r\n        <div class=\"elementor-widget-wrap elementor-element-populated\">\r\n                     \r\n        \t\t<div class=\"elementor-element elementor-element-4bd1c14 elementor-widget elementor-widget-pxl_image\" data-id=\"4bd1c14\" data-element_type=\"widget\" data-e-type=\"widget\" data-widget_type=\"pxl_image.default\">\n\t\t\t\t<div class=\"elementor-widget-container\">\n\t\t\t\t\t<div id=\"pxl_image-4bd1c14-5012\" class=\"pxl-image-single  style-default \" data-wow-delay=\"ms\" >\r\n    <div class=\"pxl-item--inner \" data-wow-delay=\"120ms\">\r\n        \r\n                                <div class=\"pxl-item--bg bg-image\" style=\"background-image: url(https:\/\/www.teamxipi.com\/wp-content\/uploads\/2025\/10\/team-5.png);\"><\/div>\r\n                            \r\n            <\/div>\r\n<\/div>\t\t\t\t<\/div>\n\t\t\t\t<\/div>\n\t\t\t\t<div class=\"elementor-element elementor-element-be655d6 elementor-widget elementor-widget-pxl_heading\" data-id=\"be655d6\" data-element_type=\"widget\" data-e-type=\"widget\" data-widget_type=\"pxl_heading.default\">\n\t\t\t\t<div class=\"elementor-widget-container\">\n\t\t\t\t\t<div id=\"pxl-pxl_heading-be655d6-4153\" class=\"pxl-heading\">\n\t<div class=\"pxl-heading--inner pxl-heading--bottom\">\n\t\t\t\t<h2 class=\"pxl-item--title  wow skewIn\" data-wow-delay=\"ms\">\n\t\tAlberto Rodr\u00edguez\t\t\n\t\t<\/h2>\n\t\t\t\t\t\t\t<div id=\"pxl_heading-be655d6-4153\" class=\"pxl-item--subtitle  px-sub-title-default   \" data-wow-delay=\"ms\" data-target=\"#pxl_heading-be655d6-4153\">\n\t\t\t\t\t\t\t\t\t\t<span class=\"pxl-item--subtext\">\n\t\t\t\t\t\t\t\t\t\t\t\t\t\tTeam XP PRO Coach\t\t\t\t\t\t<\/span>\n\t\t\t\t\t\t\t\t\n\t\t\t\t<\/div>\n\t\t\t\t\t<\/div>\n\t<\/div>\t\t\t\t<\/div>\n\t\t\t\t<\/div>\n\t\t\t\t<div class=\"elementor-element elementor-element-5abb415 elementor-widget elementor-widget-pxl_text_editor\" data-id=\"5abb415\" data-element_type=\"widget\" data-e-type=\"widget\" data-widget_type=\"pxl_text_editor.default\">\n\t\t\t\t<div class=\"elementor-widget-container\">\n\t\t\t\t\t<div class=\"pxl-text-editor\">\n\t<div class=\"pxl-item--inner \" data-wow-delay=\"ms\">\n\t\tLocation: Zafra, Extremadura.\t\t\n\t<\/div>\n<\/div>\t\t\t\t<\/div>\n\t\t\t\t<\/div>\n\t\t\t\t<div class=\"elementor-element elementor-element-78ab9b3 elementor-widget elementor-widget-pxl_icon\" data-id=\"78ab9b3\" data-element_type=\"widget\" data-e-type=\"widget\" data-widget_type=\"pxl_icon.default\">\n\t\t\t\t<div class=\"elementor-widget-container\">\n\t\t\t\t\t    <div class=\"pxl-icon1 style-round-box  style-2\" data-wow-delay=\"ms\">\r\n                                    <a class=\"elementor-repeater-item-396ad02\" href=\"https:\/\/www.instagram.com\/albertoesca_\/\">\r\n                    <i aria-hidden=\"true\" class=\"fab fa-instagram\"><\/i>                <\/a>\r\n                                        <\/div>\r\n    \t\t\t\t<\/div>\n\t\t\t\t<\/div>\n\t\t\t\t<div class=\"elementor-element elementor-element-4117b6c elementor-widget elementor-widget-pxl_heading\" data-id=\"4117b6c\" data-element_type=\"widget\" data-e-type=\"widget\" data-widget_type=\"pxl_heading.default\">\n\t\t\t\t<div class=\"elementor-widget-container\">\n\t\t\t\t\t<div id=\"pxl-pxl_heading-4117b6c-7462\" class=\"pxl-heading\">\n\t<div class=\"pxl-heading--inner pxl-heading--bottom\">\n\t\t\t\t<h6 class=\"pxl-item--title  wow skewIn\" data-wow-delay=\"ms\">\n\t\tPath\n\t\t\n\t\t<\/h6>\n\t\t\t\t\t\t<\/div>\n\t<\/div>\t\t\t\t<\/div>\n\t\t\t\t<\/div>\n\t\t\t\t<div class=\"elementor-element elementor-element-b960830 elementor-widget elementor-widget-pxl_text_editor\" data-id=\"b960830\" data-element_type=\"widget\" data-e-type=\"widget\" data-widget_type=\"pxl_text_editor.default\">\n\t\t\t\t<div class=\"elementor-widget-container\">\n\t\t\t\t\t<div class=\"pxl-text-editor\">\n\t<div class=\"pxl-item--inner \" data-wow-delay=\"ms\">\n\t\tDon&#8217;t limit your challenges, challenge your limits.\n\t\t\n\t<\/div>\n<\/div>\t\t\t\t<\/div>\n\t\t\t\t<\/div>\n\t\t            <\/div>\r\n        <\/div>\r\n                <div class=\"elementor-column elementor-col-66 elementor-top-column elementor-element elementor-element-abf9a2a pxl-column-none pxl-section-offset-none\" data-id=\"abf9a2a\" data-element_type=\"column\" data-e-type=\"column\">\r\n        <div class=\"elementor-widget-wrap elementor-element-populated\">\r\n                     \r\n        \t\t<div class=\"elementor-element elementor-element-e37335e elementor-widget elementor-widget-pxl_heading\" data-id=\"e37335e\" data-element_type=\"widget\" data-e-type=\"widget\" data-widget_type=\"pxl_heading.default\">\n\t\t\t\t<div class=\"elementor-widget-container\">\n\t\t\t\t\t<div id=\"pxl-pxl_heading-e37335e-7776\" class=\"pxl-heading\">\n\t<div class=\"pxl-heading--inner pxl-heading--bottom\">\n\t\t\t\t<h6 class=\"pxl-item--title  wow skewIn\" data-wow-delay=\"ms\">\n\t\tBIOGRAPHY\t\t\n\t\t<\/h6>\n\t\t\t\t\t\t<\/div>\n\t<\/div>\t\t\t\t<\/div>\n\t\t\t\t<\/div>\n\t\t\t\t<div class=\"elementor-element elementor-element-88a02d8 elementor-widget elementor-widget-pxl_text_editor\" data-id=\"88a02d8\" data-element_type=\"widget\" data-e-type=\"widget\" data-widget_type=\"pxl_text_editor.default\">\n\t\t\t\t<div class=\"elementor-widget-container\">\n\t\t\t\t\t<div class=\"pxl-text-editor\">\n\t<div class=\"pxl-item--inner \" data-wow-delay=\"ms\">\n\t\t<p>My name is Alberto Rodr\u00edguez-Peral Escalera, and at 17 years old I began my training in the world of fitness, which continues to this day as I consider myself a tireless geek who wants to know in depth all the intricacies of the human body, in relation to how we can gain muscle mass, lose body fat, improve physical performance, and everything related to health.<\/p>\t\t\n\t<\/div>\n<\/div>\t\t\t\t<\/div>\n\t\t\t\t<\/div>\n\t\t\t\t<div class=\"elementor-element elementor-element-ad33018 elementor-widget elementor-widget-pxl_text_editor\" data-id=\"ad33018\" data-element_type=\"widget\" data-e-type=\"widget\" data-widget_type=\"pxl_text_editor.default\">\n\t\t\t\t<div class=\"elementor-widget-container\">\n\t\t\t\t\t<div class=\"pxl-text-editor\">\n\t<div class=\"pxl-item--inner \" data-wow-delay=\"ms\">\n\t\tSiempre he querido poder ayudar a personas a lograr sus objetivos de la forma m\u00e1s sencilla y segura posible, y evitarles errores que les pueden hacer perder a\u00f1os de progreso, y desde el a\u00f1o 2019 llevo haci\u00e9ndolo de forma profesional, habiendo ayudado a cientos personas hasta la fecha.\t\t\n\t<\/div>\n<\/div>\t\t\t\t<\/div>\n\t\t\t\t<\/div>\n\t\t\t\t<div class=\"elementor-element elementor-element-20720d7 elementor-widget elementor-widget-pxl_text_editor\" data-id=\"20720d7\" data-element_type=\"widget\" data-e-type=\"widget\" data-widget_type=\"pxl_text_editor.default\">\n\t\t\t\t<div class=\"elementor-widget-container\">\n\t\t\t\t\t<div class=\"pxl-text-editor\">\n\t<div class=\"pxl-item--inner \" data-wow-delay=\"ms\">\n\t\tI firmly believe in hard work, perseverance, and discipline, as these are the tools that bring us closer to achieving our dreams\u2026 And it will be my pleasure to guide you on this beautiful path of growth and personal development!\n\n\t\t\n\t<\/div>\n<\/div>\t\t\t\t<\/div>\n\t\t\t\t<\/div>\n\t\t<div class=\"elementor-element elementor-element-ec45179 e-flex e-con-boxed e-con e-parent \" data-id=\"ec45179\" data-element_type=\"container\" data-e-type=\"container\">\t\t\t<div class=\"e-con-inner\">\r\n\t\t\t\t<div class=\"elementor-element elementor-element-173576a elementor-widget elementor-widget-pxl_heading\" data-id=\"173576a\" data-element_type=\"widget\" data-e-type=\"widget\" data-widget_type=\"pxl_heading.default\">\n\t\t\t\t<div class=\"elementor-widget-container\">\n\t\t\t\t\t<div id=\"pxl-pxl_heading-173576a-7171\" class=\"pxl-heading\">\n\t<div class=\"pxl-heading--inner pxl-heading--bottom\">\n\t\t\t\t<h6 class=\"pxl-item--title  wow skewIn\" data-wow-delay=\"ms\">\n\t\thot points\t\t\n\t\t<\/h6>\n\t\t\t\t\t\t<\/div>\n\t<\/div>\t\t\t\t<\/div>\n\t\t\t\t<\/div>\n\t\t\t\t<div class=\"elementor-element elementor-element-2af07ba elementor-widget elementor-widget-pxl_icon_box\" data-id=\"2af07ba\" data-element_type=\"widget\" data-e-type=\"widget\" data-widget_type=\"pxl_icon_box.default\">\n\t\t\t\t<div class=\"elementor-widget-container\">\n\t\t\t\t\t<div class=\"pxl-icon-box pxl-icon-box1 style-1 \" data-wow-delay=\"ms\">\r\n    <div class=\"pxl-item--inner\">\r\n                        <div class=\"pxl-icon--number\">\r\n            1        <\/div>\r\n        <div class=\"pxl-item--holder\">\r\n            <h5 class=\"pxl-item--title el-empty\">Advanced technician in dietetics<\/h5>\r\n            <div class=\"pxl-item--description el-empty\"><\/div>\r\n        <\/div>\r\n                    <div class=\"pxl-item--link\"><a href=\"#\"><i class=\"flaticon-right-chevron rtl-icon\"><\/i><\/a><\/div>\r\n            <\/div>\r\n<\/div>\t\t\t\t<\/div>\n\t\t\t\t<\/div>\n\t\t\t\t<div class=\"elementor-element elementor-element-0bdc426 elementor-widget elementor-widget-pxl_icon_box\" data-id=\"0bdc426\" data-element_type=\"widget\" data-e-type=\"widget\" data-widget_type=\"pxl_icon_box.default\">\n\t\t\t\t<div class=\"elementor-widget-container\">\n\t\t\t\t\t<div class=\"pxl-icon-box pxl-icon-box1 style-1 \" data-wow-delay=\"ms\">\r\n    <div class=\"pxl-item--inner\">\r\n                        <div class=\"pxl-icon--number\">\r\n            2        <\/div>\r\n        <div class=\"pxl-item--holder\">\r\n            <h5 class=\"pxl-item--title el-empty\">Master's degree in Exercise Biomechanics<\/h5>\r\n            <div class=\"pxl-item--description el-empty\"><\/div>\r\n        <\/div>\r\n                    <div class=\"pxl-item--link\"><a href=\"#\"><i class=\"flaticon-right-chevron rtl-icon\"><\/i><\/a><\/div>\r\n            <\/div>\r\n<\/div>\t\t\t\t<\/div>\n\t\t\t\t<\/div>\n\t\t\t\t<div class=\"elementor-element elementor-element-8509c14 elementor-widget elementor-widget-pxl_icon_box\" data-id=\"8509c14\" data-element_type=\"widget\" data-e-type=\"widget\" data-widget_type=\"pxl_icon_box.default\">\n\t\t\t\t<div class=\"elementor-widget-container\">\n\t\t\t\t\t<div class=\"pxl-icon-box pxl-icon-box1 style-1 \" data-wow-delay=\"ms\">\r\n    <div class=\"pxl-item--inner\">\r\n                        <div class=\"pxl-icon--number\">\r\n            3        <\/div>\r\n        <div class=\"pxl-item--holder\">\r\n            <h5 class=\"pxl-item--title el-empty\">Certified trainer level EQF 3 &amp; 4<\/h5>\r\n            <div class=\"pxl-item--description el-empty\"><\/div>\r\n        <\/div>\r\n                    <div class=\"pxl-item--link\"><a href=\"#\"><i class=\"flaticon-right-chevron rtl-icon\"><\/i><\/a><\/div>\r\n            <\/div>\r\n<\/div>\t\t\t\t<\/div>\n\t\t\t\t<\/div>\n\t\t\t\t<div class=\"elementor-element elementor-element-9a96de2 elementor-widget elementor-widget-pxl_icon_box\" data-id=\"9a96de2\" data-element_type=\"widget\" data-e-type=\"widget\" data-widget_type=\"pxl_icon_box.default\">\n\t\t\t\t<div class=\"elementor-widget-container\">\n\t\t\t\t\t<div class=\"pxl-icon-box pxl-icon-box1 style-1 \" data-wow-delay=\"ms\">\r\n    <div class=\"pxl-item--inner\">\r\n                        <div class=\"pxl-icon--number\">\r\n            4        <\/div>\r\n        <div class=\"pxl-item--holder\">\r\n            <h5 class=\"pxl-item--title el-empty\">Expert in Natural Bodybuilding<\/h5>\r\n            <div class=\"pxl-item--description el-empty\"><\/div>\r\n        <\/div>\r\n                    <div class=\"pxl-item--link\"><a href=\"#\"><i class=\"flaticon-right-chevron rtl-icon\"><\/i><\/a><\/div>\r\n            <\/div>\r\n<\/div>\t\t\t\t<\/div>\n\t\t\t\t<\/div>\n\t\t\t\t<div class=\"elementor-element elementor-element-af871b6 elementor-widget elementor-widget-pxl_icon_box\" data-id=\"af871b6\" data-element_type=\"widget\" data-e-type=\"widget\" data-widget_type=\"pxl_icon_box.default\">\n\t\t\t\t<div class=\"elementor-widget-container\">\n\t\t\t\t\t<div class=\"pxl-icon-box pxl-icon-box1 style-1 \" data-wow-delay=\"ms\">\r\n    <div class=\"pxl-item--inner\">\r\n                        <div class=\"pxl-icon--number\">\r\n            5        <\/div>\r\n        <div class=\"pxl-item--holder\">\r\n            <h5 class=\"pxl-item--title el-empty\">Advanced course in obesity by the ICNS Institute<\/h5>\r\n            <div class=\"pxl-item--description el-empty\"><\/div>\r\n        <\/div>\r\n                    <div class=\"pxl-item--link\"><a href=\"#\"><i class=\"flaticon-right-chevron rtl-icon\"><\/i><\/a><\/div>\r\n            <\/div>\r\n<\/div>\t\t\t\t<\/div>\n\t\t\t\t<\/div>\n\t\t\t\t\t<\/div>\r\n\t\t\t\t<\/div>\r\n\t\t            <\/div>\r\n        <\/div>\r\n        \t\t\t<\/div>\n\t\t<\/section>\n\t\t\t\t<\/div>\n\t\t","protected":false},"excerpt":{"rendered":"<p>Alberto Rodr\u00edguez Alberto Rodr\u00edguez Team XP PRO Coach Location: Zafra, Extremadura. Path Don&#8217;t limit your challenges, challenge your limits. BIOGRAPHY My name is Alberto Rodr\u00edguez-Peral Escalera, and at 17 years old I began my training in the world of fitness, which continues to this day as I consider myself a tireless geek who wants to [&hellip;]<\/p>\n","protected":false},"author":1,"featured_media":0,"parent":9058,"menu_order":0,"comment_status":"closed","ping_status":"closed","template":"","meta":{"footnotes":""},"class_list":["post-9274","page","type-page","status-publish","hentry"],"yoast_head":"<!-- This site is optimized with the Yoast SEO plugin v27.4 - https:\/\/yoast.com\/product\/yoast-seo-wordpress\/ -->\n<title>Alberto Rodr\u00edguez - Team XP<\/title>\n<meta name=\"robots\" content=\"index, follow, max-snippet:-1, max-image-preview:large, max-video-preview:-1\" \/>\n<link rel=\"canonical\" href=\"https:\/\/www.teamxipi.com\/equipo\/alberto-rodriguez\/\" \/>\n<meta property=\"og:locale\" content=\"en_US\" \/>\n<meta property=\"og:type\" content=\"article\" \/>\n<meta property=\"og:title\" content=\"Alberto Rodr\u00edguez - Team XP\" \/>\n<meta property=\"og:description\" content=\"Alberto Rodr\u00edguez Alberto Rodr\u00edguez Team XP PRO Coach Location: Zafra, Extremadura. Path Don&#8217;t limit your challenges, challenge your limits. BIOGRAPHY My name is Alberto Rodr\u00edguez-Peral Escalera, and at 17 years old I began my training in the world of fitness, which continues to this day as I consider myself a tireless geek who wants to [&hellip;]\" \/>\n<meta property=\"og:url\" content=\"https:\/\/www.teamxipi.com\/equipo\/alberto-rodriguez\/\" \/>\n<meta property=\"og:site_name\" content=\"Team XP\" \/>\n<meta property=\"article:publisher\" content=\"https:\/\/www.facebook.com\/TeamXipi\/?locale=es_ES\" \/>\n<meta property=\"article:modified_time\" content=\"2026-01-27T12:45:29+00:00\" \/>\n<meta name=\"twitter:card\" content=\"summary_large_image\" \/>\n<meta name=\"twitter:label1\" content=\"Est. reading time\" \/>\n\t<meta name=\"twitter:data1\" content=\"1 minute\" \/>\n<script type=\"application\/ld+json\" class=\"yoast-schema-graph\">{\"@context\":\"https:\\\/\\\/schema.org\",\"@graph\":[{\"@type\":\"WebPage\",\"@id\":\"https:\\\/\\\/www.teamxipi.com\\\/equipo\\\/alberto-rodriguez\\\/\",\"url\":\"https:\\\/\\\/www.teamxipi.com\\\/equipo\\\/alberto-rodriguez\\\/\",\"name\":\"Alberto Rodr\u00edguez - Team XP\",\"isPartOf\":{\"@id\":\"https:\\\/\\\/www.teamxipi.com\\\/#website\"},\"datePublished\":\"2025-11-04T09:22:41+00:00\",\"dateModified\":\"2026-01-27T12:45:29+00:00\",\"breadcrumb\":{\"@id\":\"https:\\\/\\\/www.teamxipi.com\\\/equipo\\\/alberto-rodriguez\\\/#breadcrumb\"},\"inLanguage\":\"en-US\",\"potentialAction\":[{\"@type\":\"ReadAction\",\"target\":[\"https:\\\/\\\/www.teamxipi.com\\\/equipo\\\/alberto-rodriguez\\\/\"]}]},{\"@type\":\"BreadcrumbList\",\"@id\":\"https:\\\/\\\/www.teamxipi.com\\\/equipo\\\/alberto-rodriguez\\\/#breadcrumb\",\"itemListElement\":[{\"@type\":\"ListItem\",\"position\":1,\"name\":\"Portada\",\"item\":\"https:\\\/\\\/www.teamxipi.com\\\/\"},{\"@type\":\"ListItem\",\"position\":2,\"name\":\"Team\",\"item\":\"https:\\\/\\\/www.teamxipi.com\\\/equipo\\\/\"},{\"@type\":\"ListItem\",\"position\":3,\"name\":\"Alberto Rodr\u00edguez\"}]},{\"@type\":\"WebSite\",\"@id\":\"https:\\\/\\\/www.teamxipi.com\\\/#website\",\"url\":\"https:\\\/\\\/www.teamxipi.com\\\/\",\"name\":\"Team Xipi\",\"description\":\"\",\"publisher\":{\"@id\":\"https:\\\/\\\/www.teamxipi.com\\\/#organization\"},\"potentialAction\":[{\"@type\":\"SearchAction\",\"target\":{\"@type\":\"EntryPoint\",\"urlTemplate\":\"https:\\\/\\\/www.teamxipi.com\\\/?s={search_term_string}\"},\"query-input\":{\"@type\":\"PropertyValueSpecification\",\"valueRequired\":true,\"valueName\":\"search_term_string\"}}],\"inLanguage\":\"en-US\"},{\"@type\":\"Organization\",\"@id\":\"https:\\\/\\\/www.teamxipi.com\\\/#organization\",\"name\":\"Team Xipi\",\"url\":\"https:\\\/\\\/www.teamxipi.com\\\/\",\"logo\":{\"@type\":\"ImageObject\",\"inLanguage\":\"en-US\",\"@id\":\"https:\\\/\\\/www.teamxipi.com\\\/#\\\/schema\\\/logo\\\/image\\\/\",\"url\":\"https:\\\/\\\/www.teamxipi.com\\\/wp-content\\\/uploads\\\/2025\\\/10\\\/faviocon.png\",\"contentUrl\":\"https:\\\/\\\/www.teamxipi.com\\\/wp-content\\\/uploads\\\/2025\\\/10\\\/faviocon.png\",\"width\":200,\"height\":200,\"caption\":\"Team Xipi\"},\"image\":{\"@id\":\"https:\\\/\\\/www.teamxipi.com\\\/#\\\/schema\\\/logo\\\/image\\\/\"},\"sameAs\":[\"https:\\\/\\\/www.facebook.com\\\/TeamXipi\\\/?locale=es_ES\",\"https:\\\/\\\/www.instagram.com\\\/coach_teamxp\\\/\",\"https:\\\/\\\/www.linkedin.com\\\/company\\\/team-xp\\\/\",\"https:\\\/\\\/www.youtube.com\\\/channel\\\/UCza9aMLMzWmM4zUu0MrvzFA\"]}]}<\/script>\n<!-- \/ Yoast SEO plugin. -->","yoast_head_json":{"title":"Alberto Rodr\u00edguez - Team XP","robots":{"index":"index","follow":"follow","max-snippet":"max-snippet:-1","max-image-preview":"max-image-preview:large","max-video-preview":"max-video-preview:-1"},"canonical":"https:\/\/www.teamxipi.com\/equipo\/alberto-rodriguez\/","og_locale":"en_US","og_type":"article","og_title":"Alberto Rodr\u00edguez - Team XP","og_description":"Alberto Rodr\u00edguez Alberto Rodr\u00edguez Team XP PRO Coach Location: Zafra, Extremadura. Path Don&#8217;t limit your challenges, challenge your limits. BIOGRAPHY My name is Alberto Rodr\u00edguez-Peral Escalera, and at 17 years old I began my training in the world of fitness, which continues to this day as I consider myself a tireless geek who wants to [&hellip;]","og_url":"https:\/\/www.teamxipi.com\/equipo\/alberto-rodriguez\/","og_site_name":"Team XP","article_publisher":"https:\/\/www.facebook.com\/TeamXipi\/?locale=es_ES","article_modified_time":"2026-01-27T12:45:29+00:00","twitter_card":"summary_large_image","twitter_misc":{"Est. reading time":"1 minute"},"schema":{"@context":"https:\/\/schema.org","@graph":[{"@type":"WebPage","@id":"https:\/\/www.teamxipi.com\/equipo\/alberto-rodriguez\/","url":"https:\/\/www.teamxipi.com\/equipo\/alberto-rodriguez\/","name":"Alberto Rodr\u00edguez - Team XP","isPartOf":{"@id":"https:\/\/www.teamxipi.com\/#website"},"datePublished":"2025-11-04T09:22:41+00:00","dateModified":"2026-01-27T12:45:29+00:00","breadcrumb":{"@id":"https:\/\/www.teamxipi.com\/equipo\/alberto-rodriguez\/#breadcrumb"},"inLanguage":"en-US","potentialAction":[{"@type":"ReadAction","target":["https:\/\/www.teamxipi.com\/equipo\/alberto-rodriguez\/"]}]},{"@type":"BreadcrumbList","@id":"https:\/\/www.teamxipi.com\/equipo\/alberto-rodriguez\/#breadcrumb","itemListElement":[{"@type":"ListItem","position":1,"name":"Portada","item":"https:\/\/www.teamxipi.com\/"},{"@type":"ListItem","position":2,"name":"Team","item":"https:\/\/www.teamxipi.com\/equipo\/"},{"@type":"ListItem","position":3,"name":"Alberto Rodr\u00edguez"}]},{"@type":"WebSite","@id":"https:\/\/www.teamxipi.com\/#website","url":"https:\/\/www.teamxipi.com\/","name":"Team Xipi","description":"","publisher":{"@id":"https:\/\/www.teamxipi.com\/#organization"},"potentialAction":[{"@type":"SearchAction","target":{"@type":"EntryPoint","urlTemplate":"https:\/\/www.teamxipi.com\/?s={search_term_string}"},"query-input":{"@type":"PropertyValueSpecification","valueRequired":true,"valueName":"search_term_string"}}],"inLanguage":"en-US"},{"@type":"Organization","@id":"https:\/\/www.teamxipi.com\/#organization","name":"Team Xipi","url":"https:\/\/www.teamxipi.com\/","logo":{"@type":"ImageObject","inLanguage":"en-US","@id":"https:\/\/www.teamxipi.com\/#\/schema\/logo\/image\/","url":"https:\/\/www.teamxipi.com\/wp-content\/uploads\/2025\/10\/faviocon.png","contentUrl":"https:\/\/www.teamxipi.com\/wp-content\/uploads\/2025\/10\/faviocon.png","width":200,"height":200,"caption":"Team Xipi"},"image":{"@id":"https:\/\/www.teamxipi.com\/#\/schema\/logo\/image\/"},"sameAs":["https:\/\/www.facebook.com\/TeamXipi\/?locale=es_ES","https:\/\/www.instagram.com\/coach_teamxp\/","https:\/\/www.linkedin.com\/company\/team-xp\/","https:\/\/www.youtube.com\/channel\/UCza9aMLMzWmM4zUu0MrvzFA"]}]}},"_links":{"self":[{"href":"https:\/\/www.teamxipi.com\/en\/wp-json\/wp\/v2\/pages\/9274","targetHints":{"allow":["GET"]}}],"collection":[{"href":"https:\/\/www.teamxipi.com\/en\/wp-json\/wp\/v2\/pages"}],"about":[{"href":"https:\/\/www.teamxipi.com\/en\/wp-json\/wp\/v2\/types\/page"}],"author":[{"embeddable":true,"href":"https:\/\/www.teamxipi.com\/en\/wp-json\/wp\/v2\/users\/1"}],"replies":[{"embeddable":true,"href":"https:\/\/www.teamxipi.com\/en\/wp-json\/wp\/v2\/comments?post=9274"}],"version-history":[{"count":1,"href":"https:\/\/www.teamxipi.com\/en\/wp-json\/wp\/v2\/pages\/9274\/revisions"}],"predecessor-version":[{"id":9275,"href":"https:\/\/www.teamxipi.com\/en\/wp-json\/wp\/v2\/pages\/9274\/revisions\/9275"}],"up":[{"embeddable":true,"href":"https:\/\/www.teamxipi.com\/en\/wp-json\/wp\/v2\/pages\/9058"}],"wp:attachment":[{"href":"https:\/\/www.teamxipi.com\/en\/wp-json\/wp\/v2\/media?parent=9274"}],"curies":[{"name":"wp","href":"https:\/\/api.w.org\/{rel}","templated":true}]}}