{"id":9268,"date":"2025-11-04T10:22:41","date_gmt":"2025-11-04T09:22:41","guid":{"rendered":"https:\/\/www.teamxipi.com\/equip\/alberto-rodriguez\/"},"modified":"2026-01-27T13:43:28","modified_gmt":"2026-01-27T12:43:28","slug":"alberto-rodriguez","status":"publish","type":"page","link":"https:\/\/www.teamxipi.com\/ca\/equip\/alberto-rodriguez\/","title":{"rendered":"Alberto Rodr\u00edguez"},"content":{"rendered":"\t\t<div data-elementor-type=\"wp-page\" data-elementor-id=\"9268\" class=\"elementor elementor-9268 elementor-7954\">\n\t\t\t\t<div class=\"elementor-element elementor-element-71b6090 e-flex e-con-boxed e-con e-parent \" data-id=\"71b6090\" data-element_type=\"container\" data-e-type=\"container\" data-settings=\"{&quot;background_background&quot;:&quot;slideshow&quot;,&quot;background_slideshow_gallery&quot;:[{&quot;id&quot;:9267,&quot;url&quot;:&quot;https:\\\/\\\/www.teamxipi.com\\\/wp-content\\\/uploads\\\/2025\\\/11\\\/coach-ficha-abel-scaled.webp&quot;}],&quot;background_slideshow_loop&quot;:&quot;yes&quot;,&quot;background_slideshow_slide_duration&quot;:5000,&quot;background_slideshow_slide_transition&quot;:&quot;fade&quot;,&quot;background_slideshow_transition_duration&quot;:500}\">\t\t\t<div class=\"e-con-inner\">\r\n\t\t\t\t<div class=\"elementor-element elementor-element-2d529b5 elementor-widget elementor-widget-pxl_heading\" data-id=\"2d529b5\" data-element_type=\"widget\" data-e-type=\"widget\" data-widget_type=\"pxl_heading.default\">\n\t\t\t\t<div class=\"elementor-widget-container\">\n\t\t\t\t\t<div id=\"pxl-pxl_heading-2d529b5-7685\" class=\"pxl-heading\">\n\t<div class=\"pxl-heading--inner pxl-heading--bottom\">\n\t\t\t\t<h1 class=\"pxl-item--title  wow skewIn\" data-wow-delay=\"ms\">\n\t\tAlberto Rodr\u00edguez\n\t\t\n\t\t<\/h1>\n\t\t\t\t\t\t<\/div>\n\t<\/div>\t\t\t\t<\/div>\n\t\t\t\t<\/div>\n\t\t\t\t\t<\/div>\r\n\t\t\t\t<\/div>\r\n\t\t        <section class=\"elementor-section elementor-top-section elementor-element elementor-element-ac8296e elementor-section-stretched elementor-section-boxed elementor-section-height-default elementor-section-height-default pxl-row-scroll-none pxl-section-smoke_particles-no pxl-bg-color-none pxl-section-overlay-none pxl-column-overflow-hidden-no\" data-id=\"ac8296e\" data-element_type=\"section\" data-e-type=\"section\" data-settings=\"{&quot;stretch_section&quot;:&quot;section-stretched&quot;}\">\n\n                \n                <div class=\"elementor-container elementor-column-gap-extended \">\n                <div class=\"elementor-column elementor-col-33 elementor-top-column elementor-element elementor-element-42b4703 pxl-column-none pxl-section-offset-none\" data-id=\"42b4703\" data-element_type=\"column\" data-e-type=\"column\">\r\n        <div class=\"elementor-widget-wrap elementor-element-populated\">\r\n                     \r\n        \t\t<div class=\"elementor-element elementor-element-4bd1c14 elementor-widget elementor-widget-pxl_image\" data-id=\"4bd1c14\" data-element_type=\"widget\" data-e-type=\"widget\" data-widget_type=\"pxl_image.default\">\n\t\t\t\t<div class=\"elementor-widget-container\">\n\t\t\t\t\t<div id=\"pxl_image-4bd1c14-3567\" class=\"pxl-image-single  style-default \" data-wow-delay=\"ms\" >\r\n    <div class=\"pxl-item--inner \" data-wow-delay=\"120ms\">\r\n        \r\n                                <div class=\"pxl-item--bg bg-image\" style=\"background-image: url(https:\/\/www.teamxipi.com\/wp-content\/uploads\/2025\/10\/team-5.png);\"><\/div>\r\n                            \r\n            <\/div>\r\n<\/div>\t\t\t\t<\/div>\n\t\t\t\t<\/div>\n\t\t\t\t<div class=\"elementor-element elementor-element-be655d6 elementor-widget elementor-widget-pxl_heading\" data-id=\"be655d6\" data-element_type=\"widget\" data-e-type=\"widget\" data-widget_type=\"pxl_heading.default\">\n\t\t\t\t<div class=\"elementor-widget-container\">\n\t\t\t\t\t<div id=\"pxl-pxl_heading-be655d6-6681\" class=\"pxl-heading\">\n\t<div class=\"pxl-heading--inner pxl-heading--bottom\">\n\t\t\t\t<h2 class=\"pxl-item--title  wow skewIn\" data-wow-delay=\"ms\">\n\t\tAlberto Rodr\u00edguez\t\t\n\t\t<\/h2>\n\t\t\t\t\t\t\t<div id=\"pxl_heading-be655d6-6681\" class=\"pxl-item--subtitle  px-sub-title-default   \" data-wow-delay=\"ms\" data-target=\"#pxl_heading-be655d6-6681\">\n\t\t\t\t\t\t\t\t\t\t<span class=\"pxl-item--subtext\">\n\t\t\t\t\t\t\t\t\t\t\t\t\t\tTeam XP PRO Coach\t\t\t\t\t\t<\/span>\n\t\t\t\t\t\t\t\t\n\t\t\t\t<\/div>\n\t\t\t\t\t<\/div>\n\t<\/div>\t\t\t\t<\/div>\n\t\t\t\t<\/div>\n\t\t\t\t<div class=\"elementor-element elementor-element-5abb415 elementor-widget elementor-widget-pxl_text_editor\" data-id=\"5abb415\" data-element_type=\"widget\" data-e-type=\"widget\" data-widget_type=\"pxl_text_editor.default\">\n\t\t\t\t<div class=\"elementor-widget-container\">\n\t\t\t\t\t<div class=\"pxl-text-editor\">\n\t<div class=\"pxl-item--inner \" data-wow-delay=\"ms\">\n\t\tLocalitzaci\u00f3: Zafra, Extremadura.\t\t\n\t<\/div>\n<\/div>\t\t\t\t<\/div>\n\t\t\t\t<\/div>\n\t\t\t\t<div class=\"elementor-element elementor-element-78ab9b3 elementor-widget elementor-widget-pxl_icon\" data-id=\"78ab9b3\" data-element_type=\"widget\" data-e-type=\"widget\" data-widget_type=\"pxl_icon.default\">\n\t\t\t\t<div class=\"elementor-widget-container\">\n\t\t\t\t\t    <div class=\"pxl-icon1 style-round-box  style-2\" data-wow-delay=\"ms\">\r\n                                    <a class=\"elementor-repeater-item-396ad02\" href=\"https:\/\/www.instagram.com\/albertoesca_\/\">\r\n                    <i aria-hidden=\"true\" class=\"fab fa-instagram\"><\/i>                <\/a>\r\n                                        <\/div>\r\n    \t\t\t\t<\/div>\n\t\t\t\t<\/div>\n\t\t\t\t<div class=\"elementor-element elementor-element-4117b6c elementor-widget elementor-widget-pxl_heading\" data-id=\"4117b6c\" data-element_type=\"widget\" data-e-type=\"widget\" data-widget_type=\"pxl_heading.default\">\n\t\t\t\t<div class=\"elementor-widget-container\">\n\t\t\t\t\t<div id=\"pxl-pxl_heading-4117b6c-8299\" class=\"pxl-heading\">\n\t<div class=\"pxl-heading--inner pxl-heading--bottom\">\n\t\t\t\t<h6 class=\"pxl-item--title  wow skewIn\" data-wow-delay=\"ms\">\n\t\tPath\n\t\t\n\t\t<\/h6>\n\t\t\t\t\t\t<\/div>\n\t<\/div>\t\t\t\t<\/div>\n\t\t\t\t<\/div>\n\t\t\t\t<div class=\"elementor-element elementor-element-b960830 elementor-widget elementor-widget-pxl_text_editor\" data-id=\"b960830\" data-element_type=\"widget\" data-e-type=\"widget\" data-widget_type=\"pxl_text_editor.default\">\n\t\t\t\t<div class=\"elementor-widget-container\">\n\t\t\t\t\t<div class=\"pxl-text-editor\">\n\t<div class=\"pxl-item--inner \" data-wow-delay=\"ms\">\n\t\tNo limitis els teus reptes, repta els teus l\u00edmits.\n\t\t\n\t<\/div>\n<\/div>\t\t\t\t<\/div>\n\t\t\t\t<\/div>\n\t\t            <\/div>\r\n        <\/div>\r\n                <div class=\"elementor-column elementor-col-66 elementor-top-column elementor-element elementor-element-abf9a2a pxl-column-none pxl-section-offset-none\" data-id=\"abf9a2a\" data-element_type=\"column\" data-e-type=\"column\">\r\n        <div class=\"elementor-widget-wrap elementor-element-populated\">\r\n                     \r\n        \t\t<div class=\"elementor-element elementor-element-e37335e elementor-widget elementor-widget-pxl_heading\" data-id=\"e37335e\" data-element_type=\"widget\" data-e-type=\"widget\" data-widget_type=\"pxl_heading.default\">\n\t\t\t\t<div class=\"elementor-widget-container\">\n\t\t\t\t\t<div id=\"pxl-pxl_heading-e37335e-4283\" class=\"pxl-heading\">\n\t<div class=\"pxl-heading--inner pxl-heading--bottom\">\n\t\t\t\t<h6 class=\"pxl-item--title  wow skewIn\" data-wow-delay=\"ms\">\n\t\tBIOGRAFIA\t\t\n\t\t<\/h6>\n\t\t\t\t\t\t<\/div>\n\t<\/div>\t\t\t\t<\/div>\n\t\t\t\t<\/div>\n\t\t\t\t<div class=\"elementor-element elementor-element-88a02d8 elementor-widget elementor-widget-pxl_text_editor\" data-id=\"88a02d8\" data-element_type=\"widget\" data-e-type=\"widget\" data-widget_type=\"pxl_text_editor.default\">\n\t\t\t\t<div class=\"elementor-widget-container\">\n\t\t\t\t\t<div class=\"pxl-text-editor\">\n\t<div class=\"pxl-item--inner \" data-wow-delay=\"ms\">\n\t\t<p>El meu nom \u00e9s Alberto Rodr\u00edguez-Peral Escalera, i als 17 anys vaig comen\u00e7ar la meva formaci\u00f3 dins del m\u00f3n del fitness, la qual continua actualment ja que em va considerar un friqui incansable que desitja con\u00e8ixer en profunditat tots els secrets del cos hum\u00e0, en relaci\u00f3 a com podem guanyar massa muscular, perdre greix corporal, millorar el rendiment f\u00edsic, i tot el que tingui relaci\u00f3.<\/p>\t\t\n\t<\/div>\n<\/div>\t\t\t\t<\/div>\n\t\t\t\t<\/div>\n\t\t\t\t<div class=\"elementor-element elementor-element-ad33018 elementor-widget elementor-widget-pxl_text_editor\" data-id=\"ad33018\" data-element_type=\"widget\" data-e-type=\"widget\" data-widget_type=\"pxl_text_editor.default\">\n\t\t\t\t<div class=\"elementor-widget-container\">\n\t\t\t\t\t<div class=\"pxl-text-editor\">\n\t<div class=\"pxl-item--inner \" data-wow-delay=\"ms\">\n\t\tSempre he volgut poder ajudar persones a assolir els seus objectius de la manera m\u00e9s senzilla i segura possible, i evitar-los errors que els poden fer perdre anys de progr\u00e9s, i des de l&#8217;any 2019 porto fent-ho de forma professional, havent ajudat centenars de persones fins ara.\t\t\n\t<\/div>\n<\/div>\t\t\t\t<\/div>\n\t\t\t\t<\/div>\n\t\t\t\t<div class=\"elementor-element elementor-element-20720d7 elementor-widget elementor-widget-pxl_text_editor\" data-id=\"20720d7\" data-element_type=\"widget\" data-e-type=\"widget\" data-widget_type=\"pxl_text_editor.default\">\n\t\t\t\t<div class=\"elementor-widget-container\">\n\t\t\t\t\t<div class=\"pxl-text-editor\">\n\t<div class=\"pxl-item--inner \" data-wow-delay=\"ms\">\n\t\tS\u00f3c fidel creient del treball, la const\u00e0ncia i la disciplina, ja que aquestes s\u00f3n les eines que ens acosten a assolir els nostres somnis\u2026 I per mi ser\u00e0 un plaer guiar-te en aquest cam\u00ed tan bonic de creixement i superaci\u00f3 personal!\n\n\t\t\n\t<\/div>\n<\/div>\t\t\t\t<\/div>\n\t\t\t\t<\/div>\n\t\t<div class=\"elementor-element elementor-element-ec45179 e-flex e-con-boxed e-con e-parent \" data-id=\"ec45179\" data-element_type=\"container\" data-e-type=\"container\">\t\t\t<div class=\"e-con-inner\">\r\n\t\t\t\t<div class=\"elementor-element elementor-element-173576a elementor-widget elementor-widget-pxl_heading\" data-id=\"173576a\" data-element_type=\"widget\" data-e-type=\"widget\" data-widget_type=\"pxl_heading.default\">\n\t\t\t\t<div class=\"elementor-widget-container\">\n\t\t\t\t\t<div id=\"pxl-pxl_heading-173576a-1824\" class=\"pxl-heading\">\n\t<div class=\"pxl-heading--inner pxl-heading--bottom\">\n\t\t\t\t<h6 class=\"pxl-item--title  wow skewIn\" data-wow-delay=\"ms\">\n\t\thot points\t\t\n\t\t<\/h6>\n\t\t\t\t\t\t<\/div>\n\t<\/div>\t\t\t\t<\/div>\n\t\t\t\t<\/div>\n\t\t\t\t<div class=\"elementor-element elementor-element-2af07ba elementor-widget elementor-widget-pxl_icon_box\" data-id=\"2af07ba\" data-element_type=\"widget\" data-e-type=\"widget\" data-widget_type=\"pxl_icon_box.default\">\n\t\t\t\t<div class=\"elementor-widget-container\">\n\t\t\t\t\t<div class=\"pxl-icon-box pxl-icon-box1 style-1 \" data-wow-delay=\"ms\">\r\n    <div class=\"pxl-item--inner\">\r\n                        <div class=\"pxl-icon--number\">\r\n            1        <\/div>\r\n        <div class=\"pxl-item--holder\">\r\n            <h5 class=\"pxl-item--title el-empty\">T\u00e8cnic superior en diet\u00e8tica<\/h5>\r\n            <div class=\"pxl-item--description el-empty\"><\/div>\r\n        <\/div>\r\n                    <div class=\"pxl-item--link\"><a href=\"#\"><i class=\"flaticon-right-chevron rtl-icon\"><\/i><\/a><\/div>\r\n            <\/div>\r\n<\/div>\t\t\t\t<\/div>\n\t\t\t\t<\/div>\n\t\t\t\t<div class=\"elementor-element elementor-element-0bdc426 elementor-widget elementor-widget-pxl_icon_box\" data-id=\"0bdc426\" data-element_type=\"widget\" data-e-type=\"widget\" data-widget_type=\"pxl_icon_box.default\">\n\t\t\t\t<div class=\"elementor-widget-container\">\n\t\t\t\t\t<div class=\"pxl-icon-box pxl-icon-box1 style-1 \" data-wow-delay=\"ms\">\r\n    <div class=\"pxl-item--inner\">\r\n                        <div class=\"pxl-icon--number\">\r\n            2        <\/div>\r\n        <div class=\"pxl-item--holder\">\r\n            <h5 class=\"pxl-item--title el-empty\">M\u00e0ster en Biomec\u00e0nica de l'exercici<\/h5>\r\n            <div class=\"pxl-item--description el-empty\"><\/div>\r\n        <\/div>\r\n                    <div class=\"pxl-item--link\"><a href=\"#\"><i class=\"flaticon-right-chevron rtl-icon\"><\/i><\/a><\/div>\r\n            <\/div>\r\n<\/div>\t\t\t\t<\/div>\n\t\t\t\t<\/div>\n\t\t\t\t<div class=\"elementor-element elementor-element-8509c14 elementor-widget elementor-widget-pxl_icon_box\" data-id=\"8509c14\" data-element_type=\"widget\" data-e-type=\"widget\" data-widget_type=\"pxl_icon_box.default\">\n\t\t\t\t<div class=\"elementor-widget-container\">\n\t\t\t\t\t<div class=\"pxl-icon-box pxl-icon-box1 style-1 \" data-wow-delay=\"ms\">\r\n    <div class=\"pxl-item--inner\">\r\n                        <div class=\"pxl-icon--number\">\r\n            3        <\/div>\r\n        <div class=\"pxl-item--holder\">\r\n            <h5 class=\"pxl-item--title el-empty\">Entrenador certificat nivell EQF 3 &amp; 4<\/h5>\r\n            <div class=\"pxl-item--description el-empty\"><\/div>\r\n        <\/div>\r\n                    <div class=\"pxl-item--link\"><a href=\"#\"><i class=\"flaticon-right-chevron rtl-icon\"><\/i><\/a><\/div>\r\n            <\/div>\r\n<\/div>\t\t\t\t<\/div>\n\t\t\t\t<\/div>\n\t\t\t\t<div class=\"elementor-element elementor-element-9a96de2 elementor-widget elementor-widget-pxl_icon_box\" data-id=\"9a96de2\" data-element_type=\"widget\" data-e-type=\"widget\" data-widget_type=\"pxl_icon_box.default\">\n\t\t\t\t<div class=\"elementor-widget-container\">\n\t\t\t\t\t<div class=\"pxl-icon-box pxl-icon-box1 style-1 \" data-wow-delay=\"ms\">\r\n    <div class=\"pxl-item--inner\">\r\n                        <div class=\"pxl-icon--number\">\r\n            4        <\/div>\r\n        <div class=\"pxl-item--holder\">\r\n            <h5 class=\"pxl-item--title el-empty\">Expert en Culturisme Natural<\/h5>\r\n            <div class=\"pxl-item--description el-empty\"><\/div>\r\n        <\/div>\r\n                    <div class=\"pxl-item--link\"><a href=\"#\"><i class=\"flaticon-right-chevron rtl-icon\"><\/i><\/a><\/div>\r\n            <\/div>\r\n<\/div>\t\t\t\t<\/div>\n\t\t\t\t<\/div>\n\t\t\t\t<div class=\"elementor-element elementor-element-af871b6 elementor-widget elementor-widget-pxl_icon_box\" data-id=\"af871b6\" data-element_type=\"widget\" data-e-type=\"widget\" data-widget_type=\"pxl_icon_box.default\">\n\t\t\t\t<div class=\"elementor-widget-container\">\n\t\t\t\t\t<div class=\"pxl-icon-box pxl-icon-box1 style-1 \" data-wow-delay=\"ms\">\r\n    <div class=\"pxl-item--inner\">\r\n                        <div class=\"pxl-icon--number\">\r\n            5        <\/div>\r\n        <div class=\"pxl-item--holder\">\r\n            <h5 class=\"pxl-item--title el-empty\">Curs avan\u00e7at en obesitat per l'Institut ICNS<\/h5>\r\n            <div class=\"pxl-item--description el-empty\"><\/div>\r\n        <\/div>\r\n                    <div class=\"pxl-item--link\"><a href=\"#\"><i class=\"flaticon-right-chevron rtl-icon\"><\/i><\/a><\/div>\r\n            <\/div>\r\n<\/div>\t\t\t\t<\/div>\n\t\t\t\t<\/div>\n\t\t\t\t\t<\/div>\r\n\t\t\t\t<\/div>\r\n\t\t            <\/div>\r\n        <\/div>\r\n        \t\t\t<\/div>\n\t\t<\/section>\n\t\t\t\t<\/div>\n\t\t","protected":false},"excerpt":{"rendered":"<p>Alberto Rodr\u00edguez Alberto Rodr\u00edguez Team XP PRO Coach Localitzaci\u00f3: Zafra, Extremadura. Path No limitis els teus reptes, repta els teus l\u00edmits. BIOGRAFIA El meu nom \u00e9s Alberto Rodr\u00edguez-Peral Escalera, i als 17 anys vaig comen\u00e7ar la meva formaci\u00f3 dins del m\u00f3n del fitness, la qual continua actualment ja que em va considerar un friqui incansable [&hellip;]<\/p>\n","protected":false},"author":1,"featured_media":0,"parent":9050,"menu_order":0,"comment_status":"closed","ping_status":"closed","template":"","meta":{"footnotes":""},"class_list":["post-9268","page","type-page","status-publish","hentry"],"yoast_head":"<!-- This site is optimized with the Yoast SEO plugin v27.4 - https:\/\/yoast.com\/product\/yoast-seo-wordpress\/ -->\n<title>Alberto Rodr\u00edguez - Team XP<\/title>\n<meta name=\"robots\" content=\"index, follow, max-snippet:-1, max-image-preview:large, max-video-preview:-1\" \/>\n<link rel=\"canonical\" href=\"https:\/\/www.teamxipi.com\/equipo\/alberto-rodriguez\/\" \/>\n<meta property=\"og:locale\" content=\"ca_ES\" \/>\n<meta property=\"og:type\" content=\"article\" \/>\n<meta property=\"og:title\" content=\"Alberto Rodr\u00edguez - Team XP\" \/>\n<meta property=\"og:description\" content=\"Alberto Rodr\u00edguez Alberto Rodr\u00edguez Team XP PRO Coach Localitzaci\u00f3: Zafra, Extremadura. Path No limitis els teus reptes, repta els teus l\u00edmits. BIOGRAFIA El meu nom \u00e9s Alberto Rodr\u00edguez-Peral Escalera, i als 17 anys vaig comen\u00e7ar la meva formaci\u00f3 dins del m\u00f3n del fitness, la qual continua actualment ja que em va considerar un friqui incansable [&hellip;]\" \/>\n<meta property=\"og:url\" content=\"https:\/\/www.teamxipi.com\/equipo\/alberto-rodriguez\/\" \/>\n<meta property=\"og:site_name\" content=\"Team XP\" \/>\n<meta property=\"article:publisher\" content=\"https:\/\/www.facebook.com\/TeamXipi\/?locale=es_ES\" \/>\n<meta property=\"article:modified_time\" content=\"2026-01-27T12:43:28+00:00\" \/>\n<meta name=\"twitter:card\" content=\"summary_large_image\" \/>\n<meta name=\"twitter:label1\" content=\"Temps estimat de lectura\" \/>\n\t<meta name=\"twitter:data1\" content=\"1 minut\" \/>\n<script type=\"application\/ld+json\" class=\"yoast-schema-graph\">{\"@context\":\"https:\\\/\\\/schema.org\",\"@graph\":[{\"@type\":\"WebPage\",\"@id\":\"https:\\\/\\\/www.teamxipi.com\\\/equipo\\\/alberto-rodriguez\\\/\",\"url\":\"https:\\\/\\\/www.teamxipi.com\\\/equipo\\\/alberto-rodriguez\\\/\",\"name\":\"Alberto Rodr\u00edguez - Team XP\",\"isPartOf\":{\"@id\":\"https:\\\/\\\/www.teamxipi.com\\\/#website\"},\"datePublished\":\"2025-11-04T09:22:41+00:00\",\"dateModified\":\"2026-01-27T12:43:28+00:00\",\"breadcrumb\":{\"@id\":\"https:\\\/\\\/www.teamxipi.com\\\/equipo\\\/alberto-rodriguez\\\/#breadcrumb\"},\"inLanguage\":\"ca\",\"potentialAction\":[{\"@type\":\"ReadAction\",\"target\":[\"https:\\\/\\\/www.teamxipi.com\\\/equipo\\\/alberto-rodriguez\\\/\"]}]},{\"@type\":\"BreadcrumbList\",\"@id\":\"https:\\\/\\\/www.teamxipi.com\\\/equipo\\\/alberto-rodriguez\\\/#breadcrumb\",\"itemListElement\":[{\"@type\":\"ListItem\",\"position\":1,\"name\":\"Portada\",\"item\":\"https:\\\/\\\/www.teamxipi.com\\\/ca\\\/\"},{\"@type\":\"ListItem\",\"position\":2,\"name\":\"Equip\",\"item\":\"https:\\\/\\\/www.teamxipi.com\\\/equipo\\\/\"},{\"@type\":\"ListItem\",\"position\":3,\"name\":\"Alberto Rodr\u00edguez\"}]},{\"@type\":\"WebSite\",\"@id\":\"https:\\\/\\\/www.teamxipi.com\\\/#website\",\"url\":\"https:\\\/\\\/www.teamxipi.com\\\/\",\"name\":\"Team Xipi\",\"description\":\"\",\"publisher\":{\"@id\":\"https:\\\/\\\/www.teamxipi.com\\\/#organization\"},\"potentialAction\":[{\"@type\":\"SearchAction\",\"target\":{\"@type\":\"EntryPoint\",\"urlTemplate\":\"https:\\\/\\\/www.teamxipi.com\\\/?s={search_term_string}\"},\"query-input\":{\"@type\":\"PropertyValueSpecification\",\"valueRequired\":true,\"valueName\":\"search_term_string\"}}],\"inLanguage\":\"ca\"},{\"@type\":\"Organization\",\"@id\":\"https:\\\/\\\/www.teamxipi.com\\\/#organization\",\"name\":\"Team Xipi\",\"url\":\"https:\\\/\\\/www.teamxipi.com\\\/\",\"logo\":{\"@type\":\"ImageObject\",\"inLanguage\":\"ca\",\"@id\":\"https:\\\/\\\/www.teamxipi.com\\\/#\\\/schema\\\/logo\\\/image\\\/\",\"url\":\"https:\\\/\\\/www.teamxipi.com\\\/wp-content\\\/uploads\\\/2025\\\/10\\\/faviocon.png\",\"contentUrl\":\"https:\\\/\\\/www.teamxipi.com\\\/wp-content\\\/uploads\\\/2025\\\/10\\\/faviocon.png\",\"width\":200,\"height\":200,\"caption\":\"Team Xipi\"},\"image\":{\"@id\":\"https:\\\/\\\/www.teamxipi.com\\\/#\\\/schema\\\/logo\\\/image\\\/\"},\"sameAs\":[\"https:\\\/\\\/www.facebook.com\\\/TeamXipi\\\/?locale=es_ES\",\"https:\\\/\\\/www.instagram.com\\\/coach_teamxp\\\/\",\"https:\\\/\\\/www.linkedin.com\\\/company\\\/team-xp\\\/\",\"https:\\\/\\\/www.youtube.com\\\/channel\\\/UCza9aMLMzWmM4zUu0MrvzFA\"]}]}<\/script>\n<!-- \/ Yoast SEO plugin. -->","yoast_head_json":{"title":"Alberto Rodr\u00edguez - Team XP","robots":{"index":"index","follow":"follow","max-snippet":"max-snippet:-1","max-image-preview":"max-image-preview:large","max-video-preview":"max-video-preview:-1"},"canonical":"https:\/\/www.teamxipi.com\/equipo\/alberto-rodriguez\/","og_locale":"ca_ES","og_type":"article","og_title":"Alberto Rodr\u00edguez - Team XP","og_description":"Alberto Rodr\u00edguez Alberto Rodr\u00edguez Team XP PRO Coach Localitzaci\u00f3: Zafra, Extremadura. Path No limitis els teus reptes, repta els teus l\u00edmits. BIOGRAFIA El meu nom \u00e9s Alberto Rodr\u00edguez-Peral Escalera, i als 17 anys vaig comen\u00e7ar la meva formaci\u00f3 dins del m\u00f3n del fitness, la qual continua actualment ja que em va considerar un friqui incansable [&hellip;]","og_url":"https:\/\/www.teamxipi.com\/equipo\/alberto-rodriguez\/","og_site_name":"Team XP","article_publisher":"https:\/\/www.facebook.com\/TeamXipi\/?locale=es_ES","article_modified_time":"2026-01-27T12:43:28+00:00","twitter_card":"summary_large_image","twitter_misc":{"Temps estimat de lectura":"1 minut"},"schema":{"@context":"https:\/\/schema.org","@graph":[{"@type":"WebPage","@id":"https:\/\/www.teamxipi.com\/equipo\/alberto-rodriguez\/","url":"https:\/\/www.teamxipi.com\/equipo\/alberto-rodriguez\/","name":"Alberto Rodr\u00edguez - Team XP","isPartOf":{"@id":"https:\/\/www.teamxipi.com\/#website"},"datePublished":"2025-11-04T09:22:41+00:00","dateModified":"2026-01-27T12:43:28+00:00","breadcrumb":{"@id":"https:\/\/www.teamxipi.com\/equipo\/alberto-rodriguez\/#breadcrumb"},"inLanguage":"ca","potentialAction":[{"@type":"ReadAction","target":["https:\/\/www.teamxipi.com\/equipo\/alberto-rodriguez\/"]}]},{"@type":"BreadcrumbList","@id":"https:\/\/www.teamxipi.com\/equipo\/alberto-rodriguez\/#breadcrumb","itemListElement":[{"@type":"ListItem","position":1,"name":"Portada","item":"https:\/\/www.teamxipi.com\/ca\/"},{"@type":"ListItem","position":2,"name":"Equip","item":"https:\/\/www.teamxipi.com\/equipo\/"},{"@type":"ListItem","position":3,"name":"Alberto Rodr\u00edguez"}]},{"@type":"WebSite","@id":"https:\/\/www.teamxipi.com\/#website","url":"https:\/\/www.teamxipi.com\/","name":"Team Xipi","description":"","publisher":{"@id":"https:\/\/www.teamxipi.com\/#organization"},"potentialAction":[{"@type":"SearchAction","target":{"@type":"EntryPoint","urlTemplate":"https:\/\/www.teamxipi.com\/?s={search_term_string}"},"query-input":{"@type":"PropertyValueSpecification","valueRequired":true,"valueName":"search_term_string"}}],"inLanguage":"ca"},{"@type":"Organization","@id":"https:\/\/www.teamxipi.com\/#organization","name":"Team Xipi","url":"https:\/\/www.teamxipi.com\/","logo":{"@type":"ImageObject","inLanguage":"ca","@id":"https:\/\/www.teamxipi.com\/#\/schema\/logo\/image\/","url":"https:\/\/www.teamxipi.com\/wp-content\/uploads\/2025\/10\/faviocon.png","contentUrl":"https:\/\/www.teamxipi.com\/wp-content\/uploads\/2025\/10\/faviocon.png","width":200,"height":200,"caption":"Team Xipi"},"image":{"@id":"https:\/\/www.teamxipi.com\/#\/schema\/logo\/image\/"},"sameAs":["https:\/\/www.facebook.com\/TeamXipi\/?locale=es_ES","https:\/\/www.instagram.com\/coach_teamxp\/","https:\/\/www.linkedin.com\/company\/team-xp\/","https:\/\/www.youtube.com\/channel\/UCza9aMLMzWmM4zUu0MrvzFA"]}]}},"_links":{"self":[{"href":"https:\/\/www.teamxipi.com\/ca\/wp-json\/wp\/v2\/pages\/9268","targetHints":{"allow":["GET"]}}],"collection":[{"href":"https:\/\/www.teamxipi.com\/ca\/wp-json\/wp\/v2\/pages"}],"about":[{"href":"https:\/\/www.teamxipi.com\/ca\/wp-json\/wp\/v2\/types\/page"}],"author":[{"embeddable":true,"href":"https:\/\/www.teamxipi.com\/ca\/wp-json\/wp\/v2\/users\/1"}],"replies":[{"embeddable":true,"href":"https:\/\/www.teamxipi.com\/ca\/wp-json\/wp\/v2\/comments?post=9268"}],"version-history":[{"count":1,"href":"https:\/\/www.teamxipi.com\/ca\/wp-json\/wp\/v2\/pages\/9268\/revisions"}],"predecessor-version":[{"id":9269,"href":"https:\/\/www.teamxipi.com\/ca\/wp-json\/wp\/v2\/pages\/9268\/revisions\/9269"}],"up":[{"embeddable":true,"href":"https:\/\/www.teamxipi.com\/ca\/wp-json\/wp\/v2\/pages\/9050"}],"wp:attachment":[{"href":"https:\/\/www.teamxipi.com\/ca\/wp-json\/wp\/v2\/media?parent=9268"}],"curies":[{"name":"wp","href":"https:\/\/api.w.org\/{rel}","templated":true}]}}