{"id":9072,"date":"2025-11-18T13:41:39","date_gmt":"2025-11-18T12:41:39","guid":{"rendered":"https:\/\/www.teamxipi.com\/serveis\/"},"modified":"2026-03-02T10:58:29","modified_gmt":"2026-03-02T09:58:29","slug":"serveis","status":"publish","type":"page","link":"https:\/\/www.teamxipi.com\/ca\/serveis\/","title":{"rendered":"Serveis"},"content":{"rendered":"\t\t<div data-elementor-type=\"wp-page\" data-elementor-id=\"9072\" class=\"elementor elementor-9072 elementor-8247\">\n\t\t\t\t<div class=\"elementor-element elementor-element-33304f0 e-flex e-con-boxed e-con e-parent \" data-id=\"33304f0\" data-element_type=\"container\" data-e-type=\"container\" data-settings=\"{&quot;background_background&quot;:&quot;slideshow&quot;,&quot;background_slideshow_gallery&quot;:[{&quot;id&quot;:8884,&quot;url&quot;:&quot;https:\\\/\\\/www.teamxipi.com\\\/wp-content\\\/uploads\\\/2025\\\/11\\\/hero-home-v2.jpg&quot;}],&quot;background_slideshow_loop&quot;:&quot;yes&quot;,&quot;background_slideshow_slide_duration&quot;:5000,&quot;background_slideshow_slide_transition&quot;:&quot;fade&quot;,&quot;background_slideshow_transition_duration&quot;:500}\">\t\t\t<div class=\"e-con-inner\">\r\n\t\t\t\t<div class=\"elementor-element elementor-element-69412cb elementor-widget elementor-widget-pxl_heading\" data-id=\"69412cb\" data-element_type=\"widget\" data-e-type=\"widget\" data-widget_type=\"pxl_heading.default\">\n\t\t\t\t<div class=\"elementor-widget-container\">\n\t\t\t\t\t<div id=\"pxl-pxl_heading-69412cb-5939\" class=\"pxl-heading\">\n\t<div class=\"pxl-heading--inner pxl-heading--bottom\">\n\t\t\t\t<h1 class=\"pxl-item--title  wow skewIn\" data-wow-delay=\"ms\">\n\t\tserveis\t\t\n\t\t<\/h1>\n\t\t\t\t\t\t<\/div>\n\t<\/div>\t\t\t\t<\/div>\n\t\t\t\t<\/div>\n\t\t\t\t\t<\/div>\r\n\t\t\t\t<\/div>\r\n\t\t<div class=\"elementor-element elementor-element-000eb55 e-flex e-con-boxed e-con e-parent \" data-id=\"000eb55\" data-element_type=\"container\" data-e-type=\"container\">\t\t\t<div class=\"e-con-inner\">\r\n\t\t<div class=\"elementor-element elementor-element-f770955 e-con-full e-flex e-con e-child \" data-id=\"f770955\" data-element_type=\"container\" data-e-type=\"container\">\t\t<div class=\"elementor-element elementor-element-3587138 elementor-widget elementor-widget-pxl_heading\" data-id=\"3587138\" data-element_type=\"widget\" data-e-type=\"widget\" data-widget_type=\"pxl_heading.default\">\n\t\t\t\t<div class=\"elementor-widget-container\">\n\t\t\t\t\t<div id=\"pxl-pxl_heading-3587138-9367\" class=\"pxl-heading\">\n\t<div class=\"pxl-heading--inner pxl-heading--top\">\n\t\t        \n\t\t\t<span class=\"icon-heading top\">\n\t\t\t\t<svg xmlns=\"http:\/\/www.w3.org\/2000\/svg\" width=\"64\" height=\"18\" viewBox=\"0 0 64 18\" fill=\"none\"><path d=\"M27.4791 0.857422H18.0483L0.696289 18.0003H10.1271L27.4791 0.857422Z\" fill=\"#FF4D24\"><\/path><path d=\"M45.6998 0.857422H36.269L18.917 18.0003H28.3478L45.6998 0.857422Z\" fill=\"#FF4D24\"><\/path><path d=\"M63.9195 0.857422H54.4806L37.1367 18.0003H46.5594L63.9195 0.857422Z\" fill=\"#FF4D24\"><\/path><\/svg>\t\t\t<\/span>\n\t\t\t\t<h2 class=\"pxl-item--title  wow skewIn\" data-wow-delay=\"ms\">\n\t\t TOT TIPUS D&#8217;OBJECTIUS\t\t\n\t\t<\/h2>\n\t\t\t\t\t\t<\/div>\n\t<\/div>\t\t\t\t<\/div>\n\t\t\t\t<\/div>\n\t\t\t\t<div class=\"elementor-element elementor-element-1fb149b elementor-widget elementor-widget-pxl_text_editor\" data-id=\"1fb149b\" data-element_type=\"widget\" data-e-type=\"widget\" data-widget_type=\"pxl_text_editor.default\">\n\t\t\t\t<div class=\"elementor-widget-container\">\n\t\t\t\t\t<div class=\"pxl-text-editor\">\n\t<div class=\"pxl-item--inner \" data-wow-delay=\"ms\">\n\t\t<p><span style=\"font-weight: 400\">Ajudem a gent amb tot tipus d&#8217;objectius: competitius i no competitius, de salut i est\u00e8tics, sigui quin sigui el teu, ESTEM AQU\u00cd PER AJUDAR-TE<\/span><\/p><ul><li><span style=\"font-weight: 400\">Forma part de l&#8217;elit mundial<\/span><\/li><li><span style=\"font-weight: 400\">Sempre de manera natural<\/span><\/li><\/ul>\t\t\n\t<\/div>\n<\/div>\t\t\t\t<\/div>\n\t\t\t\t<\/div>\n\t\t\t\t<div class=\"elementor-element elementor-element-5a4648e elementor-widget elementor-widget-pxl_button\" data-id=\"5a4648e\" data-element_type=\"widget\" data-e-type=\"widget\" data-widget_type=\"pxl_button.default\">\n\t\t\t\t<div class=\"elementor-widget-container\">\n\t\t\t\t\t<div id=\"pxl-pxl_button-5a4648e-7744\" class=\"pxl-button\">\r\n            <a href=\"\/servicios\/servicio-1to1\/\" class=\"btn pxl-icon-active btn-default  pxl-icon--right\" data-wow-delay=\"ms\">\r\n            <i aria-hidden=\"true\" class=\"far fa-plus\"><\/i>            <span class=\"pxl--btn-text pxl-wobble\" data-animation=\"pxl-xspin\">\r\n                <span>D<\/span><span>e<\/span><span>s<\/span><span>c<\/span><span>o<\/span><span>b<\/span><span>r<\/span><span>e<\/span><span>i<\/span><span>x<\/span><span>&nbsp;<\/span><span>e<\/span><span>l<\/span><span>&nbsp;<\/span><span>n<\/span><span>o<\/span><span>s<\/span><span>t<\/span><span>r<\/span><span>e<\/span><span>&nbsp;<\/span><span>m<\/span><span>\u00e8<\/span><span>t<\/span><span>o<\/span><span>d<\/span><span>e<\/span>            <\/span>\r\n             \r\n        <\/a>\r\n        <\/div>\t\t\t\t<\/div>\n\t\t\t\t<\/div>\n\t\t\t\t<\/div>\r\n\t\t<div class=\"elementor-element elementor-element-1044aea e-con-full e-flex e-con e-child \" data-id=\"1044aea\" data-element_type=\"container\" data-e-type=\"container\">\t\t<div class=\"elementor-element elementor-element-b6934ff elementor-widget elementor-widget-pxl_image\" data-id=\"b6934ff\" data-element_type=\"widget\" data-e-type=\"widget\" data-widget_type=\"pxl_image.default\">\n\t\t\t\t<div class=\"elementor-widget-container\">\n\t\t\t\t\t<div id=\"pxl_image-b6934ff-9710\" class=\"pxl-image-single  style-default \" data-wow-delay=\"ms\" >\r\n    <div class=\"pxl-item--inner \" data-wow-delay=\"120ms\">\r\n        \r\n                                <div class=\"pxl-item--bg bg-image\" style=\"background-image: url(https:\/\/www.teamxipi.com\/wp-content\/uploads\/2025\/11\/home-seccion-3-1.webp);\"><\/div>\r\n                            \r\n            <\/div>\r\n<\/div>\t\t\t\t<\/div>\n\t\t\t\t<\/div>\n\t\t\t\t<\/div>\r\n\t\t\t\t\t<\/div>\r\n\t\t\t\t<\/div>\r\n\t\t<div class=\"elementor-element elementor-element-b85bf71 e-flex e-con-boxed e-con e-parent \" data-id=\"b85bf71\" data-element_type=\"container\" data-e-type=\"container\">\t\t\t<div class=\"e-con-inner\">\r\n\t\t<div class=\"elementor-element elementor-element-b21ecda e-con-full e-flex e-con e-child \" data-id=\"b21ecda\" data-element_type=\"container\" data-e-type=\"container\">\t\t<div class=\"elementor-element elementor-element-389bde6 elementor-widget elementor-widget-pxl_image\" data-id=\"389bde6\" data-element_type=\"widget\" data-e-type=\"widget\" data-widget_type=\"pxl_image.default\">\n\t\t\t\t<div class=\"elementor-widget-container\">\n\t\t\t\t\t<div id=\"pxl_image-389bde6-6178\" class=\"pxl-image-single  style-default \" data-wow-delay=\"ms\" >\r\n    <div class=\"pxl-item--inner \" data-wow-delay=\"120ms\">\r\n        \r\n                                <div class=\"pxl-item--bg bg-image\" style=\"background-image: url(https:\/\/www.teamxipi.com\/wp-content\/uploads\/2026\/01\/3-claves.png);\"><\/div>\r\n                            \r\n            <\/div>\r\n<\/div>\t\t\t\t<\/div>\n\t\t\t\t<\/div>\n\t\t\t\t<\/div>\r\n\t\t<div class=\"elementor-element elementor-element-408dc59 e-con-full e-flex e-con e-child \" data-id=\"408dc59\" data-element_type=\"container\" data-e-type=\"container\">\t\t<div class=\"elementor-element elementor-element-e67e973 elementor-widget elementor-widget-pxl_heading\" data-id=\"e67e973\" data-element_type=\"widget\" data-e-type=\"widget\" data-widget_type=\"pxl_heading.default\">\n\t\t\t\t<div class=\"elementor-widget-container\">\n\t\t\t\t\t<div id=\"pxl-pxl_heading-e67e973-7795\" class=\"pxl-heading\">\n\t<div class=\"pxl-heading--inner pxl-heading--top\">\n\t\t        \n\t\t\t<span class=\"icon-heading top\">\n\t\t\t\t<svg xmlns=\"http:\/\/www.w3.org\/2000\/svg\" width=\"64\" height=\"18\" viewBox=\"0 0 64 18\" fill=\"none\"><path d=\"M27.4791 0.857422H18.0483L0.696289 18.0003H10.1271L27.4791 0.857422Z\" fill=\"#FF4D24\"><\/path><path d=\"M45.6998 0.857422H36.269L18.917 18.0003H28.3478L45.6998 0.857422Z\" fill=\"#FF4D24\"><\/path><path d=\"M63.9195 0.857422H54.4806L37.1367 18.0003H46.5594L63.9195 0.857422Z\" fill=\"#FF4D24\"><\/path><\/svg>\t\t\t<\/span>\n\t\t\t\t<h2 class=\"pxl-item--title  wow skewIn\" data-wow-delay=\"ms\">\n\t\t+1000 persones ajudades \t\t\n\t\t<\/h2>\n\t\t\t\t\t\t<\/div>\n\t<\/div>\t\t\t\t<\/div>\n\t\t\t\t<\/div>\n\t\t\t\t<div class=\"elementor-element elementor-element-db860af elementor-widget elementor-widget-pxl_text_editor\" data-id=\"db860af\" data-element_type=\"widget\" data-e-type=\"widget\" data-widget_type=\"pxl_text_editor.default\">\n\t\t\t\t<div class=\"elementor-widget-container\">\n\t\t\t\t\t<div class=\"pxl-text-editor\">\n\t<div class=\"pxl-item--inner \" data-wow-delay=\"ms\">\n\t\t<p><span style=\"font-weight: 400\">Comen\u00e7ar no \u00e9s gens senzill, o coneixes el que realment funciona i saps com implementar-ho de manera clara, o ser\u00e0 impossible que el teu f\u00edsic canvi\u00ef.<\/span><\/p>\t\t\n\t<\/div>\n<\/div>\t\t\t\t<\/div>\n\t\t\t\t<\/div>\n\t\t\t\t<div class=\"elementor-element elementor-element-6549fab elementor-widget elementor-widget-pxl_text_editor\" data-id=\"6549fab\" data-element_type=\"widget\" data-e-type=\"widget\" data-widget_type=\"pxl_text_editor.default\">\n\t\t\t\t<div class=\"elementor-widget-container\">\n\t\t\t\t\t<div class=\"pxl-text-editor\">\n\t<div class=\"pxl-item--inner \" data-wow-delay=\"ms\">\n\t\t<p><span style=\"font-weight: 400\">Si est\u00e0s pensant a canviar, per\u00f2 no saps com comen\u00e7ar\u2026 aquest \u00e9s el teu programa<\/span><\/p>\t\t\n\t<\/div>\n<\/div>\t\t\t\t<\/div>\n\t\t\t\t<\/div>\n\t\t\t\t<div class=\"elementor-element elementor-element-79196f8 elementor-align-left elementor-widget elementor-widget-pxl_button\" data-id=\"79196f8\" data-element_type=\"widget\" data-e-type=\"widget\" data-widget_type=\"pxl_button.default\">\n\t\t\t\t<div class=\"elementor-widget-container\">\n\t\t\t\t\t<div id=\"pxl-pxl_button-79196f8-6060\" class=\"pxl-button\">\r\n            <a href=\"\/servicios\/body-changer\/\" class=\"btn pxl-icon-active btn-default  pxl-icon--right\" data-wow-delay=\"ms\">\r\n            <i aria-hidden=\"true\" class=\"far fa-plus\"><\/i>            <span class=\"pxl--btn-text pxl-wobble\" data-animation=\"pxl-xspin\">\r\n                <span>c<\/span><span>o<\/span><span>m<\/span><span>e<\/span><span>n<\/span><span>\u00e7<\/span><span>a<\/span><span>&nbsp;<\/span><span>e<\/span><span>l<\/span><span>&nbsp;<\/span><span>t<\/span><span>e<\/span><span>u<\/span><span>&nbsp;<\/span><span>c<\/span><span>a<\/span><span>n<\/span><span>v<\/span><span>i<\/span>            <\/span>\r\n             \r\n        <\/a>\r\n        <\/div>\t\t\t\t<\/div>\n\t\t\t\t<\/div>\n\t\t\t\t<\/div>\r\n\t\t\t\t\t<\/div>\r\n\t\t\t\t<\/div>\r\n\t\t<div class=\"elementor-element elementor-element-a5e3564 e-flex e-con-boxed e-con e-parent \" data-id=\"a5e3564\" data-element_type=\"container\" data-e-type=\"container\">\t\t\t<div class=\"e-con-inner\">\r\n\t\t<div class=\"elementor-element elementor-element-8959d5a e-con-full e-flex e-con e-child \" data-id=\"8959d5a\" data-element_type=\"container\" data-e-type=\"container\">\t\t<div class=\"elementor-element elementor-element-6ff5dc8 elementor-widget elementor-widget-pxl_heading\" data-id=\"6ff5dc8\" data-element_type=\"widget\" data-e-type=\"widget\" data-widget_type=\"pxl_heading.default\">\n\t\t\t\t<div class=\"elementor-widget-container\">\n\t\t\t\t\t<div id=\"pxl-pxl_heading-6ff5dc8-2466\" class=\"pxl-heading\">\n\t<div class=\"pxl-heading--inner pxl-heading--top\">\n\t\t        \n\t\t\t<span class=\"icon-heading top\">\n\t\t\t\t<svg xmlns=\"http:\/\/www.w3.org\/2000\/svg\" width=\"64\" height=\"18\" viewBox=\"0 0 64 18\" fill=\"none\"><path d=\"M27.4791 0.857422H18.0483L0.696289 18.0003H10.1271L27.4791 0.857422Z\" fill=\"#FF4D24\"><\/path><path d=\"M45.6998 0.857422H36.269L18.917 18.0003H28.3478L45.6998 0.857422Z\" fill=\"#FF4D24\"><\/path><path d=\"M63.9195 0.857422H54.4806L37.1367 18.0003H46.5594L63.9195 0.857422Z\" fill=\"#FF4D24\"><\/path><\/svg>\t\t\t<\/span>\n\t\t\t\t<h2 class=\"pxl-item--title  wow skewIn\" data-wow-delay=\"ms\">\n\t\tapunta a les estrelles\t\t\n\t\t<\/h2>\n\t\t\t\t\t\t<\/div>\n\t<\/div>\t\t\t\t<\/div>\n\t\t\t\t<\/div>\n\t\t\t\t<div class=\"elementor-element elementor-element-ae52309 elementor-widget elementor-widget-pxl_text_editor\" data-id=\"ae52309\" data-element_type=\"widget\" data-e-type=\"widget\" data-widget_type=\"pxl_text_editor.default\">\n\t\t\t\t<div class=\"elementor-widget-container\">\n\t\t\t\t\t<div class=\"pxl-text-editor\">\n\t<div class=\"pxl-item--inner \" data-wow-delay=\"ms\">\n\t\t<p><span style=\"font-weight: 400\">Com et sentiries si en arribar a la tarima tens un dels millors f\u00edsics del campionat, per\u00f2 quedes en mal lloc? No nom\u00e9s \u00e9s important aconseguir el f\u00edsic, sin\u00f3 saber COM MOSTRAR-LO.<\/span><\/p>\t\t\n\t<\/div>\n<\/div>\t\t\t\t<\/div>\n\t\t\t\t<\/div>\n\t\t\t\t<div class=\"elementor-element elementor-element-afa4f2d elementor-widget elementor-widget-pxl_text_editor\" data-id=\"afa4f2d\" data-element_type=\"widget\" data-e-type=\"widget\" data-widget_type=\"pxl_text_editor.default\">\n\t\t\t\t<div class=\"elementor-widget-container\">\n\t\t\t\t\t<div class=\"pxl-text-editor\">\n\t<div class=\"pxl-item--inner \" data-wow-delay=\"ms\">\n\t\t<p><span style=\"font-weight: 400\">Els campions porten un posat PERFECTE i per aix\u00f2 es converteixen en campions.<\/span><\/p>\t\t\n\t<\/div>\n<\/div>\t\t\t\t<\/div>\n\t\t\t\t<\/div>\n\t\t\t\t<div class=\"elementor-element elementor-element-af4d4f5 elementor-align-left elementor-widget elementor-widget-pxl_button\" data-id=\"af4d4f5\" data-element_type=\"widget\" data-e-type=\"widget\" data-widget_type=\"pxl_button.default\">\n\t\t\t\t<div class=\"elementor-widget-container\">\n\t\t\t\t\t<div id=\"pxl-pxl_button-af4d4f5-1827\" class=\"pxl-button\">\r\n            <a href=\"\/servicios\/posing\/\" class=\"btn pxl-icon-active btn-default  pxl-icon--right\" data-wow-delay=\"ms\">\r\n            <i aria-hidden=\"true\" class=\"far fa-plus\"><\/i>            <span class=\"pxl--btn-text pxl-wobble\" data-animation=\"pxl-xspin\">\r\n                <span>c<\/span><span>o<\/span><span>n<\/span><span>v<\/span><span>e<\/span><span>r<\/span><span>t<\/span><span>e<\/span><span>i<\/span><span>x<\/span><span>-<\/span><span>t<\/span><span>e<\/span><span>&nbsp;<\/span><span>e<\/span><span>n<\/span><span>&nbsp;<\/span><span>c<\/span><span>a<\/span><span>m<\/span><span>p<\/span><span>i<\/span><span>\u00f3<\/span>            <\/span>\r\n             \r\n        <\/a>\r\n        <\/div>\t\t\t\t<\/div>\n\t\t\t\t<\/div>\n\t\t\t\t<\/div>\r\n\t\t<div class=\"elementor-element elementor-element-2c12105 e-con-full e-flex e-con e-child \" data-id=\"2c12105\" data-element_type=\"container\" data-e-type=\"container\">\t\t<div class=\"elementor-element elementor-element-f47014e elementor-widget elementor-widget-pxl_image\" data-id=\"f47014e\" data-element_type=\"widget\" data-e-type=\"widget\" data-widget_type=\"pxl_image.default\">\n\t\t\t\t<div class=\"elementor-widget-container\">\n\t\t\t\t\t<div id=\"pxl_image-f47014e-8345\" class=\"pxl-image-single  style-default \" data-wow-delay=\"ms\" >\r\n    <div class=\"pxl-item--inner \" data-wow-delay=\"120ms\">\r\n        \r\n                                <div class=\"pxl-item--bg bg-image\" style=\"background-image: url(https:\/\/www.teamxipi.com\/wp-content\/uploads\/2025\/11\/mosaico-3.webp);\"><\/div>\r\n                            \r\n            <\/div>\r\n<\/div>\t\t\t\t<\/div>\n\t\t\t\t<\/div>\n\t\t\t\t<\/div>\r\n\t\t\t\t\t<\/div>\r\n\t\t\t\t<\/div>\r\n\t\t\t\t<\/div>\n\t\t","protected":false},"excerpt":{"rendered":"<p>serveis TOT TIPUS D&#8217;OBJECTIUS Ajudem a gent amb tot tipus d&#8217;objectius: competitius i no competitius, de salut i est\u00e8tics, sigui quin sigui el teu, ESTEM AQU\u00cd PER AJUDAR-TE Forma part de l&#8217;elit mundial Sempre de manera natural Descobreix&nbsp;el&nbsp;nostre&nbsp;m\u00e8tode +1000 persones ajudades Comen\u00e7ar no \u00e9s gens senzill, o coneixes el que realment funciona i saps com [&hellip;]<\/p>\n","protected":false},"author":1,"featured_media":0,"parent":0,"menu_order":0,"comment_status":"closed","ping_status":"closed","template":"","meta":{"footnotes":""},"class_list":["post-9072","page","type-page","status-publish","hentry"],"yoast_head":"<!-- This site is optimized with the Yoast SEO plugin v27.4 - https:\/\/yoast.com\/product\/yoast-seo-wordpress\/ -->\n<title>Serveis - Team XP<\/title>\n<meta name=\"robots\" content=\"index, follow, max-snippet:-1, max-image-preview:large, max-video-preview:-1\" \/>\n<link rel=\"canonical\" href=\"https:\/\/www.teamxipi.com\/servicios\/\" \/>\n<meta property=\"og:locale\" content=\"ca_ES\" \/>\n<meta property=\"og:type\" content=\"article\" \/>\n<meta property=\"og:title\" content=\"Serveis - Team XP\" \/>\n<meta property=\"og:description\" content=\"serveis TOT TIPUS D&#8217;OBJECTIUS Ajudem a gent amb tot tipus d&#8217;objectius: competitius i no competitius, de salut i est\u00e8tics, sigui quin sigui el teu, ESTEM AQU\u00cd PER AJUDAR-TE Forma part de l&#8217;elit mundial Sempre de manera natural Descobreix&nbsp;el&nbsp;nostre&nbsp;m\u00e8tode +1000 persones ajudades Comen\u00e7ar no \u00e9s gens senzill, o coneixes el que realment funciona i saps com [&hellip;]\" \/>\n<meta property=\"og:url\" content=\"https:\/\/www.teamxipi.com\/servicios\/\" \/>\n<meta property=\"og:site_name\" content=\"Team XP\" \/>\n<meta property=\"article:publisher\" content=\"https:\/\/www.facebook.com\/TeamXipi\/?locale=es_ES\" \/>\n<meta property=\"article:modified_time\" content=\"2026-03-02T09:58:29+00:00\" \/>\n<meta name=\"twitter:card\" content=\"summary_large_image\" \/>\n<meta name=\"twitter:label1\" content=\"Temps estimat de lectura\" \/>\n\t<meta name=\"twitter:data1\" content=\"1 minut\" \/>\n<script type=\"application\/ld+json\" class=\"yoast-schema-graph\">{\"@context\":\"https:\\\/\\\/schema.org\",\"@graph\":[{\"@type\":\"WebPage\",\"@id\":\"https:\\\/\\\/www.teamxipi.com\\\/servicios\\\/\",\"url\":\"https:\\\/\\\/www.teamxipi.com\\\/servicios\\\/\",\"name\":\"Serveis - Team XP\",\"isPartOf\":{\"@id\":\"https:\\\/\\\/www.teamxipi.com\\\/#website\"},\"datePublished\":\"2025-11-18T12:41:39+00:00\",\"dateModified\":\"2026-03-02T09:58:29+00:00\",\"breadcrumb\":{\"@id\":\"https:\\\/\\\/www.teamxipi.com\\\/servicios\\\/#breadcrumb\"},\"inLanguage\":\"ca\",\"potentialAction\":[{\"@type\":\"ReadAction\",\"target\":[\"https:\\\/\\\/www.teamxipi.com\\\/servicios\\\/\"]}]},{\"@type\":\"BreadcrumbList\",\"@id\":\"https:\\\/\\\/www.teamxipi.com\\\/servicios\\\/#breadcrumb\",\"itemListElement\":[{\"@type\":\"ListItem\",\"position\":1,\"name\":\"Portada\",\"item\":\"https:\\\/\\\/www.teamxipi.com\\\/ca\\\/\"},{\"@type\":\"ListItem\",\"position\":2,\"name\":\"Serveis\"}]},{\"@type\":\"WebSite\",\"@id\":\"https:\\\/\\\/www.teamxipi.com\\\/#website\",\"url\":\"https:\\\/\\\/www.teamxipi.com\\\/\",\"name\":\"Team Xipi\",\"description\":\"\",\"publisher\":{\"@id\":\"https:\\\/\\\/www.teamxipi.com\\\/#organization\"},\"potentialAction\":[{\"@type\":\"SearchAction\",\"target\":{\"@type\":\"EntryPoint\",\"urlTemplate\":\"https:\\\/\\\/www.teamxipi.com\\\/?s={search_term_string}\"},\"query-input\":{\"@type\":\"PropertyValueSpecification\",\"valueRequired\":true,\"valueName\":\"search_term_string\"}}],\"inLanguage\":\"ca\"},{\"@type\":\"Organization\",\"@id\":\"https:\\\/\\\/www.teamxipi.com\\\/#organization\",\"name\":\"Team Xipi\",\"url\":\"https:\\\/\\\/www.teamxipi.com\\\/\",\"logo\":{\"@type\":\"ImageObject\",\"inLanguage\":\"ca\",\"@id\":\"https:\\\/\\\/www.teamxipi.com\\\/#\\\/schema\\\/logo\\\/image\\\/\",\"url\":\"https:\\\/\\\/www.teamxipi.com\\\/wp-content\\\/uploads\\\/2025\\\/10\\\/faviocon.png\",\"contentUrl\":\"https:\\\/\\\/www.teamxipi.com\\\/wp-content\\\/uploads\\\/2025\\\/10\\\/faviocon.png\",\"width\":200,\"height\":200,\"caption\":\"Team Xipi\"},\"image\":{\"@id\":\"https:\\\/\\\/www.teamxipi.com\\\/#\\\/schema\\\/logo\\\/image\\\/\"},\"sameAs\":[\"https:\\\/\\\/www.facebook.com\\\/TeamXipi\\\/?locale=es_ES\",\"https:\\\/\\\/www.instagram.com\\\/coach_teamxp\\\/\",\"https:\\\/\\\/www.linkedin.com\\\/company\\\/team-xp\\\/\",\"https:\\\/\\\/www.youtube.com\\\/channel\\\/UCza9aMLMzWmM4zUu0MrvzFA\"]}]}<\/script>\n<!-- \/ Yoast SEO plugin. -->","yoast_head_json":{"title":"Serveis - Team XP","robots":{"index":"index","follow":"follow","max-snippet":"max-snippet:-1","max-image-preview":"max-image-preview:large","max-video-preview":"max-video-preview:-1"},"canonical":"https:\/\/www.teamxipi.com\/servicios\/","og_locale":"ca_ES","og_type":"article","og_title":"Serveis - Team XP","og_description":"serveis TOT TIPUS D&#8217;OBJECTIUS Ajudem a gent amb tot tipus d&#8217;objectius: competitius i no competitius, de salut i est\u00e8tics, sigui quin sigui el teu, ESTEM AQU\u00cd PER AJUDAR-TE Forma part de l&#8217;elit mundial Sempre de manera natural Descobreix&nbsp;el&nbsp;nostre&nbsp;m\u00e8tode +1000 persones ajudades Comen\u00e7ar no \u00e9s gens senzill, o coneixes el que realment funciona i saps com [&hellip;]","og_url":"https:\/\/www.teamxipi.com\/servicios\/","og_site_name":"Team XP","article_publisher":"https:\/\/www.facebook.com\/TeamXipi\/?locale=es_ES","article_modified_time":"2026-03-02T09:58:29+00:00","twitter_card":"summary_large_image","twitter_misc":{"Temps estimat de lectura":"1 minut"},"schema":{"@context":"https:\/\/schema.org","@graph":[{"@type":"WebPage","@id":"https:\/\/www.teamxipi.com\/servicios\/","url":"https:\/\/www.teamxipi.com\/servicios\/","name":"Serveis - Team XP","isPartOf":{"@id":"https:\/\/www.teamxipi.com\/#website"},"datePublished":"2025-11-18T12:41:39+00:00","dateModified":"2026-03-02T09:58:29+00:00","breadcrumb":{"@id":"https:\/\/www.teamxipi.com\/servicios\/#breadcrumb"},"inLanguage":"ca","potentialAction":[{"@type":"ReadAction","target":["https:\/\/www.teamxipi.com\/servicios\/"]}]},{"@type":"BreadcrumbList","@id":"https:\/\/www.teamxipi.com\/servicios\/#breadcrumb","itemListElement":[{"@type":"ListItem","position":1,"name":"Portada","item":"https:\/\/www.teamxipi.com\/ca\/"},{"@type":"ListItem","position":2,"name":"Serveis"}]},{"@type":"WebSite","@id":"https:\/\/www.teamxipi.com\/#website","url":"https:\/\/www.teamxipi.com\/","name":"Team Xipi","description":"","publisher":{"@id":"https:\/\/www.teamxipi.com\/#organization"},"potentialAction":[{"@type":"SearchAction","target":{"@type":"EntryPoint","urlTemplate":"https:\/\/www.teamxipi.com\/?s={search_term_string}"},"query-input":{"@type":"PropertyValueSpecification","valueRequired":true,"valueName":"search_term_string"}}],"inLanguage":"ca"},{"@type":"Organization","@id":"https:\/\/www.teamxipi.com\/#organization","name":"Team Xipi","url":"https:\/\/www.teamxipi.com\/","logo":{"@type":"ImageObject","inLanguage":"ca","@id":"https:\/\/www.teamxipi.com\/#\/schema\/logo\/image\/","url":"https:\/\/www.teamxipi.com\/wp-content\/uploads\/2025\/10\/faviocon.png","contentUrl":"https:\/\/www.teamxipi.com\/wp-content\/uploads\/2025\/10\/faviocon.png","width":200,"height":200,"caption":"Team Xipi"},"image":{"@id":"https:\/\/www.teamxipi.com\/#\/schema\/logo\/image\/"},"sameAs":["https:\/\/www.facebook.com\/TeamXipi\/?locale=es_ES","https:\/\/www.instagram.com\/coach_teamxp\/","https:\/\/www.linkedin.com\/company\/team-xp\/","https:\/\/www.youtube.com\/channel\/UCza9aMLMzWmM4zUu0MrvzFA"]}]}},"_links":{"self":[{"href":"https:\/\/www.teamxipi.com\/ca\/wp-json\/wp\/v2\/pages\/9072","targetHints":{"allow":["GET"]}}],"collection":[{"href":"https:\/\/www.teamxipi.com\/ca\/wp-json\/wp\/v2\/pages"}],"about":[{"href":"https:\/\/www.teamxipi.com\/ca\/wp-json\/wp\/v2\/types\/page"}],"author":[{"embeddable":true,"href":"https:\/\/www.teamxipi.com\/ca\/wp-json\/wp\/v2\/users\/1"}],"replies":[{"embeddable":true,"href":"https:\/\/www.teamxipi.com\/ca\/wp-json\/wp\/v2\/comments?post=9072"}],"version-history":[{"count":2,"href":"https:\/\/www.teamxipi.com\/ca\/wp-json\/wp\/v2\/pages\/9072\/revisions"}],"predecessor-version":[{"id":9431,"href":"https:\/\/www.teamxipi.com\/ca\/wp-json\/wp\/v2\/pages\/9072\/revisions\/9431"}],"wp:attachment":[{"href":"https:\/\/www.teamxipi.com\/ca\/wp-json\/wp\/v2\/media?parent=9072"}],"curies":[{"name":"wp","href":"https:\/\/api.w.org\/{rel}","templated":true}]}}