{"id":9037,"date":"2025-11-04T16:24:11","date_gmt":"2025-11-04T15:24:11","guid":{"rendered":"https:\/\/www.teamxipi.com\/blog\/"},"modified":"2026-03-02T11:05:03","modified_gmt":"2026-03-02T10:05:03","slug":"blog","status":"publish","type":"page","link":"https:\/\/www.teamxipi.com\/ca\/blog\/","title":{"rendered":"BLOG"},"content":{"rendered":"\t\t<div data-elementor-type=\"wp-page\" data-elementor-id=\"9037\" class=\"elementor elementor-9037 elementor-8054\">\n\t\t\t\t<div class=\"elementor-element elementor-element-1f778dd e-flex e-con-boxed e-con e-parent \" data-id=\"1f778dd\" data-element_type=\"container\" data-e-type=\"container\" data-settings=\"{&quot;background_background&quot;:&quot;slideshow&quot;,&quot;background_slideshow_gallery&quot;:[{&quot;id&quot;:8884,&quot;url&quot;:&quot;https:\\\/\\\/www.teamxipi.com\\\/wp-content\\\/uploads\\\/2025\\\/11\\\/hero-home-v2.jpg&quot;}],&quot;background_slideshow_loop&quot;:&quot;yes&quot;,&quot;background_slideshow_slide_duration&quot;:5000,&quot;background_slideshow_slide_transition&quot;:&quot;fade&quot;,&quot;background_slideshow_transition_duration&quot;:500}\">\t\t\t<div class=\"e-con-inner\">\r\n\t\t\t\t<div class=\"elementor-element elementor-element-d71965a elementor-widget elementor-widget-pxl_heading\" data-id=\"d71965a\" data-element_type=\"widget\" data-e-type=\"widget\" data-widget_type=\"pxl_heading.default\">\n\t\t\t\t<div class=\"elementor-widget-container\">\n\t\t\t\t\t<div id=\"pxl-pxl_heading-d71965a-7048\" class=\"pxl-heading\">\n\t<div class=\"pxl-heading--inner pxl-heading--bottom\">\n\t\t\t\t<h1 class=\"pxl-item--title  wow skewIn\" data-wow-delay=\"ms\">\n\t\tBLOG\t\t\n\t\t<\/h1>\n\t\t\t\t\t\t<\/div>\n\t<\/div>\t\t\t\t<\/div>\n\t\t\t\t<\/div>\n\t\t\t\t\t<\/div>\r\n\t\t\t\t<\/div>\r\n\t\t<div class=\"elementor-element elementor-element-075421b elementor-hidden-desktop elementor-hidden-laptop elementor-hidden-tablet_extra elementor-hidden-tablet elementor-hidden-mobile_extra elementor-hidden-mobile e-flex e-con-boxed e-con e-parent \" data-id=\"075421b\" data-element_type=\"container\" data-e-type=\"container\">\t\t\t<div class=\"e-con-inner\">\r\n\t\t\t\t<div class=\"elementor-element elementor-element-0cd1dda elementor-widget elementor-widget-pxl_heading\" data-id=\"0cd1dda\" data-element_type=\"widget\" data-e-type=\"widget\" data-widget_type=\"pxl_heading.default\">\n\t\t\t\t<div class=\"elementor-widget-container\">\n\t\t\t\t\t<div id=\"pxl-pxl_heading-0cd1dda-2194\" class=\"pxl-heading\">\n\t<div class=\"pxl-heading--inner pxl-heading--bottom\">\n\t\t\t\t<h2 class=\"pxl-item--title  wow skewIn\" data-wow-delay=\"ms\">\n\t\tBLOG\t\t\n\t\t<\/h2>\n\t\t\t\t\t\t<\/div>\n\t<\/div>\t\t\t\t<\/div>\n\t\t\t\t<\/div>\n\t\t\t\t<div class=\"elementor-element elementor-element-055856e elementor-widget elementor-widget-pxl_heading\" data-id=\"055856e\" data-element_type=\"widget\" data-e-type=\"widget\" data-widget_type=\"pxl_heading.default\">\n\t\t\t\t<div class=\"elementor-widget-container\">\n\t\t\t\t\t<div id=\"pxl-pxl_heading-055856e-6707\" class=\"pxl-heading\">\n\t<div class=\"pxl-heading--inner pxl-heading--bottom\">\n\t\t\t\t<h3 class=\"pxl-item--title  wow skewIn\" data-wow-delay=\"ms\">\n\t\tBLOG\t\t\n\t\t<\/h3>\n\t\t\t\t\t\t<\/div>\n\t<\/div>\t\t\t\t<\/div>\n\t\t\t\t<\/div>\n\t\t\t\t<div class=\"elementor-element elementor-element-8dacca4 elementor-widget elementor-widget-pxl_heading\" data-id=\"8dacca4\" data-element_type=\"widget\" data-e-type=\"widget\" data-widget_type=\"pxl_heading.default\">\n\t\t\t\t<div class=\"elementor-widget-container\">\n\t\t\t\t\t<div id=\"pxl-pxl_heading-8dacca4-7736\" class=\"pxl-heading\">\n\t<div class=\"pxl-heading--inner pxl-heading--bottom\">\n\t\t\t\t<h4 class=\"pxl-item--title  wow skewIn\" data-wow-delay=\"ms\">\n\t\tBLOG\t\t\n\t\t<\/h4>\n\t\t\t\t\t\t<\/div>\n\t<\/div>\t\t\t\t<\/div>\n\t\t\t\t<\/div>\n\t\t\t\t\t<\/div>\r\n\t\t\t\t<\/div>\r\n\t\t<div class=\"elementor-element elementor-element-b6bbfbe e-flex e-con-boxed e-con e-parent \" data-id=\"b6bbfbe\" data-element_type=\"container\" data-e-type=\"container\">\t\t\t<div class=\"e-con-inner\">\r\n\t\t\t\t<div class=\"elementor-element elementor-element-7696b51 pxl-post-layout-post-2 custom-blog-controler elementor-widget elementor-widget-pxl_post_grid\" data-id=\"7696b51\" data-element_type=\"widget\" data-e-type=\"widget\" data-widget_type=\"pxl_post_grid.default\">\n\t\t\t\t<div class=\"elementor-widget-container\">\n\t\t\t\t\t\n<div id=\"pxl_post_grid-7696b51-3479\" class=\"pxl-grid pxl-blog-grid pxl-blog-grid-layout2 pxl-blog-style2\" data-layout=\"masonry\" data-start-page=\"1\" data-max-pages=\"0\" data-total=\"0\" data-perpage=\"20\" data-next-link=\"https:\/\/www.teamxipi.com\/ca\/wp-json\/wp\/v2\/pages\/9037\/page\/2\/\">\n    \n    <div class=\"pxl-grid-inner pxl-grid-masonry row\" data-gutter=\"15\">\n        <div class=\"grid-sizer col-xl-6 col-lg-6 col-md-6 col-sm-6 col-12\"><\/div>\n            <\/div>\n            <div class=\"pxl-grid-pagination\" data-loadmore=\"{&quot;tax&quot;:[&quot;category&quot;],&quot;post_type&quot;:&quot;post&quot;,&quot;layout&quot;:&quot;post-2&quot;,&quot;startPage&quot;:1,&quot;maxPages&quot;:0,&quot;total&quot;:0,&quot;perpage&quot;:20,&quot;nextLink&quot;:&quot;https:\\\/\\\/www.teamxipi.com\\\/ca\\\/wp-json\\\/wp\\\/v2\\\/pages\\\/9037\\\/page\\\/2\\\/&quot;,&quot;source&quot;:&quot;&quot;,&quot;orderby&quot;:&quot;date&quot;,&quot;order&quot;:&quot;desc&quot;,&quot;limit&quot;:20,&quot;post_ids&quot;:[],&quot;col_xl&quot;:6,&quot;col_lg&quot;:6,&quot;col_md&quot;:6,&quot;col_sm&quot;:6,&quot;col_xs&quot;:12,&quot;pagination_type&quot;:&quot;pagination&quot;,&quot;show_author&quot;:&quot;true&quot;,&quot;show_category&quot;:&quot;true&quot;,&quot;show_meta&quot;:&quot;true&quot;,&quot;show_date&quot;:&quot;true&quot;,&quot;show_button&quot;:&quot;true&quot;,&quot;button_text&quot;:&quot;&quot;,&quot;img_size&quot;:&quot;250&quot;,&quot;grid_masonry&quot;:&quot;&quot;,&quot;pxl_animate&quot;:&quot;&quot;}\" data-query=\"{&quot;post_type&quot;:&quot;post&quot;,&quot;post_status&quot;:&quot;publish&quot;,&quot;posts_per_page&quot;:20,&quot;order&quot;:&quot;desc&quot;,&quot;orderby&quot;:&quot;date&quot;,&quot;tax_query&quot;:{&quot;relation&quot;:&quot;OR&quot;},&quot;post__not_in&quot;:[9037]}\">\n                    <\/div>\n        <\/div>\t\t\t\t<\/div>\n\t\t\t\t<\/div>\n\t\t\t\t\t<\/div>\r\n\t\t\t\t<\/div>\r\n\t\t\t\t<\/div>\n\t\t","protected":false},"excerpt":{"rendered":"<p>BLOG BLOG BLOG BLOG 4 de noviembre de 2025 VASCULARIDAD DE INFARTO by&nbsp;godamin_t3amx1p1 0comments 4 de noviembre de 2025 DEJA DE OBSESIONARTE CON EL PESO CORPORAL SI QUIERES PERDER GRASA by&nbsp;godamin_t3amx1p1 0comments 4 de noviembre de 2025 QUE NO TE ENGA\u00d1EN CON LA TENSI\u00d3N MEC\u00c1NICA by&nbsp;godamin_t3amx1p1 0comments 4 de noviembre de 2025 LA GRAN VERDAD [&hellip;]<\/p>\n","protected":false},"author":1,"featured_media":0,"parent":0,"menu_order":0,"comment_status":"closed","ping_status":"closed","template":"","meta":{"footnotes":""},"class_list":["post-9037","page","type-page","status-publish","hentry"],"yoast_head":"<!-- This site is optimized with the Yoast SEO plugin v27.4 - https:\/\/yoast.com\/product\/yoast-seo-wordpress\/ -->\n<title>BLOG - Team XP<\/title>\n<meta name=\"robots\" content=\"index, follow, max-snippet:-1, max-image-preview:large, max-video-preview:-1\" \/>\n<link rel=\"canonical\" href=\"https:\/\/www.teamxipi.com\/blog-2\/\" \/>\n<meta property=\"og:locale\" content=\"ca_ES\" \/>\n<meta property=\"og:type\" content=\"article\" \/>\n<meta property=\"og:title\" content=\"BLOG - Team XP\" \/>\n<meta property=\"og:description\" content=\"BLOG BLOG BLOG BLOG 4 de noviembre de 2025 VASCULARIDAD DE INFARTO by&nbsp;godamin_t3amx1p1 0comments 4 de noviembre de 2025 DEJA DE OBSESIONARTE CON EL PESO CORPORAL SI QUIERES PERDER GRASA by&nbsp;godamin_t3amx1p1 0comments 4 de noviembre de 2025 QUE NO TE ENGA\u00d1EN CON LA TENSI\u00d3N MEC\u00c1NICA by&nbsp;godamin_t3amx1p1 0comments 4 de noviembre de 2025 LA GRAN VERDAD [&hellip;]\" \/>\n<meta property=\"og:url\" content=\"https:\/\/www.teamxipi.com\/blog-2\/\" \/>\n<meta property=\"og:site_name\" content=\"Team XP\" \/>\n<meta property=\"article:publisher\" content=\"https:\/\/www.facebook.com\/TeamXipi\/?locale=es_ES\" \/>\n<meta property=\"article:modified_time\" content=\"2026-03-02T10:05:03+00:00\" \/>\n<meta name=\"twitter:card\" content=\"summary_large_image\" \/>\n<script type=\"application\/ld+json\" class=\"yoast-schema-graph\">{\"@context\":\"https:\\\/\\\/schema.org\",\"@graph\":[{\"@type\":\"WebPage\",\"@id\":\"https:\\\/\\\/www.teamxipi.com\\\/blog-2\\\/\",\"url\":\"https:\\\/\\\/www.teamxipi.com\\\/blog-2\\\/\",\"name\":\"BLOG - Team XP\",\"isPartOf\":{\"@id\":\"https:\\\/\\\/www.teamxipi.com\\\/#website\"},\"datePublished\":\"2025-11-04T15:24:11+00:00\",\"dateModified\":\"2026-03-02T10:05:03+00:00\",\"breadcrumb\":{\"@id\":\"https:\\\/\\\/www.teamxipi.com\\\/blog-2\\\/#breadcrumb\"},\"inLanguage\":\"ca\",\"potentialAction\":[{\"@type\":\"ReadAction\",\"target\":[\"https:\\\/\\\/www.teamxipi.com\\\/blog-2\\\/\"]}]},{\"@type\":\"BreadcrumbList\",\"@id\":\"https:\\\/\\\/www.teamxipi.com\\\/blog-2\\\/#breadcrumb\",\"itemListElement\":[{\"@type\":\"ListItem\",\"position\":1,\"name\":\"Portada\",\"item\":\"https:\\\/\\\/www.teamxipi.com\\\/ca\\\/\"},{\"@type\":\"ListItem\",\"position\":2,\"name\":\"BLOG\"}]},{\"@type\":\"WebSite\",\"@id\":\"https:\\\/\\\/www.teamxipi.com\\\/#website\",\"url\":\"https:\\\/\\\/www.teamxipi.com\\\/\",\"name\":\"Team Xipi\",\"description\":\"\",\"publisher\":{\"@id\":\"https:\\\/\\\/www.teamxipi.com\\\/#organization\"},\"potentialAction\":[{\"@type\":\"SearchAction\",\"target\":{\"@type\":\"EntryPoint\",\"urlTemplate\":\"https:\\\/\\\/www.teamxipi.com\\\/?s={search_term_string}\"},\"query-input\":{\"@type\":\"PropertyValueSpecification\",\"valueRequired\":true,\"valueName\":\"search_term_string\"}}],\"inLanguage\":\"ca\"},{\"@type\":\"Organization\",\"@id\":\"https:\\\/\\\/www.teamxipi.com\\\/#organization\",\"name\":\"Team Xipi\",\"url\":\"https:\\\/\\\/www.teamxipi.com\\\/\",\"logo\":{\"@type\":\"ImageObject\",\"inLanguage\":\"ca\",\"@id\":\"https:\\\/\\\/www.teamxipi.com\\\/#\\\/schema\\\/logo\\\/image\\\/\",\"url\":\"https:\\\/\\\/www.teamxipi.com\\\/wp-content\\\/uploads\\\/2025\\\/10\\\/faviocon.png\",\"contentUrl\":\"https:\\\/\\\/www.teamxipi.com\\\/wp-content\\\/uploads\\\/2025\\\/10\\\/faviocon.png\",\"width\":200,\"height\":200,\"caption\":\"Team Xipi\"},\"image\":{\"@id\":\"https:\\\/\\\/www.teamxipi.com\\\/#\\\/schema\\\/logo\\\/image\\\/\"},\"sameAs\":[\"https:\\\/\\\/www.facebook.com\\\/TeamXipi\\\/?locale=es_ES\",\"https:\\\/\\\/www.instagram.com\\\/coach_teamxp\\\/\",\"https:\\\/\\\/www.linkedin.com\\\/company\\\/team-xp\\\/\",\"https:\\\/\\\/www.youtube.com\\\/channel\\\/UCza9aMLMzWmM4zUu0MrvzFA\"]}]}<\/script>\n<!-- \/ Yoast SEO plugin. -->","yoast_head_json":{"title":"BLOG - Team XP","robots":{"index":"index","follow":"follow","max-snippet":"max-snippet:-1","max-image-preview":"max-image-preview:large","max-video-preview":"max-video-preview:-1"},"canonical":"https:\/\/www.teamxipi.com\/blog-2\/","og_locale":"ca_ES","og_type":"article","og_title":"BLOG - Team XP","og_description":"BLOG BLOG BLOG BLOG 4 de noviembre de 2025 VASCULARIDAD DE INFARTO by&nbsp;godamin_t3amx1p1 0comments 4 de noviembre de 2025 DEJA DE OBSESIONARTE CON EL PESO CORPORAL SI QUIERES PERDER GRASA by&nbsp;godamin_t3amx1p1 0comments 4 de noviembre de 2025 QUE NO TE ENGA\u00d1EN CON LA TENSI\u00d3N MEC\u00c1NICA by&nbsp;godamin_t3amx1p1 0comments 4 de noviembre de 2025 LA GRAN VERDAD [&hellip;]","og_url":"https:\/\/www.teamxipi.com\/blog-2\/","og_site_name":"Team XP","article_publisher":"https:\/\/www.facebook.com\/TeamXipi\/?locale=es_ES","article_modified_time":"2026-03-02T10:05:03+00:00","twitter_card":"summary_large_image","schema":{"@context":"https:\/\/schema.org","@graph":[{"@type":"WebPage","@id":"https:\/\/www.teamxipi.com\/blog-2\/","url":"https:\/\/www.teamxipi.com\/blog-2\/","name":"BLOG - Team XP","isPartOf":{"@id":"https:\/\/www.teamxipi.com\/#website"},"datePublished":"2025-11-04T15:24:11+00:00","dateModified":"2026-03-02T10:05:03+00:00","breadcrumb":{"@id":"https:\/\/www.teamxipi.com\/blog-2\/#breadcrumb"},"inLanguage":"ca","potentialAction":[{"@type":"ReadAction","target":["https:\/\/www.teamxipi.com\/blog-2\/"]}]},{"@type":"BreadcrumbList","@id":"https:\/\/www.teamxipi.com\/blog-2\/#breadcrumb","itemListElement":[{"@type":"ListItem","position":1,"name":"Portada","item":"https:\/\/www.teamxipi.com\/ca\/"},{"@type":"ListItem","position":2,"name":"BLOG"}]},{"@type":"WebSite","@id":"https:\/\/www.teamxipi.com\/#website","url":"https:\/\/www.teamxipi.com\/","name":"Team Xipi","description":"","publisher":{"@id":"https:\/\/www.teamxipi.com\/#organization"},"potentialAction":[{"@type":"SearchAction","target":{"@type":"EntryPoint","urlTemplate":"https:\/\/www.teamxipi.com\/?s={search_term_string}"},"query-input":{"@type":"PropertyValueSpecification","valueRequired":true,"valueName":"search_term_string"}}],"inLanguage":"ca"},{"@type":"Organization","@id":"https:\/\/www.teamxipi.com\/#organization","name":"Team Xipi","url":"https:\/\/www.teamxipi.com\/","logo":{"@type":"ImageObject","inLanguage":"ca","@id":"https:\/\/www.teamxipi.com\/#\/schema\/logo\/image\/","url":"https:\/\/www.teamxipi.com\/wp-content\/uploads\/2025\/10\/faviocon.png","contentUrl":"https:\/\/www.teamxipi.com\/wp-content\/uploads\/2025\/10\/faviocon.png","width":200,"height":200,"caption":"Team Xipi"},"image":{"@id":"https:\/\/www.teamxipi.com\/#\/schema\/logo\/image\/"},"sameAs":["https:\/\/www.facebook.com\/TeamXipi\/?locale=es_ES","https:\/\/www.instagram.com\/coach_teamxp\/","https:\/\/www.linkedin.com\/company\/team-xp\/","https:\/\/www.youtube.com\/channel\/UCza9aMLMzWmM4zUu0MrvzFA"]}]}},"_links":{"self":[{"href":"https:\/\/www.teamxipi.com\/ca\/wp-json\/wp\/v2\/pages\/9037","targetHints":{"allow":["GET"]}}],"collection":[{"href":"https:\/\/www.teamxipi.com\/ca\/wp-json\/wp\/v2\/pages"}],"about":[{"href":"https:\/\/www.teamxipi.com\/ca\/wp-json\/wp\/v2\/types\/page"}],"author":[{"embeddable":true,"href":"https:\/\/www.teamxipi.com\/ca\/wp-json\/wp\/v2\/users\/1"}],"replies":[{"embeddable":true,"href":"https:\/\/www.teamxipi.com\/ca\/wp-json\/wp\/v2\/comments?post=9037"}],"version-history":[{"count":6,"href":"https:\/\/www.teamxipi.com\/ca\/wp-json\/wp\/v2\/pages\/9037\/revisions"}],"predecessor-version":[{"id":9469,"href":"https:\/\/www.teamxipi.com\/ca\/wp-json\/wp\/v2\/pages\/9037\/revisions\/9469"}],"wp:attachment":[{"href":"https:\/\/www.teamxipi.com\/ca\/wp-json\/wp\/v2\/media?parent=9037"}],"curies":[{"name":"wp","href":"https:\/\/api.w.org\/{rel}","templated":true}]}}